{"id":321,"date":"2023-10-26T10:31:59","date_gmt":"2023-10-26T08:31:59","guid":{"rendered":"https:\/\/www.faferi.hu\/?page_id=321"},"modified":"2024-02-21T10:37:26","modified_gmt":"2024-02-21T09:37:26","slug":"contact","status":"publish","type":"page","link":"https:\/\/www.faferi.hu\/en\/contact\/","title":{"rendered":"Contact"},"content":{"rendered":"<h2>Nagykanizsa site<\/h2>\n<p><strong>Address:<\/strong> 8800 Nagykanizsa, Magyar \u00fat 168.<br \/>\n<strong>E-mail:<\/strong> <a href=\"mailto:info@faferi.hu\">info@faferi.hu<\/a><br \/>\n<strong>Phone number:<\/strong> <a href=\"tel:+3693536276\">+36 93\/536-276<\/a><br \/>\n<strong>Office hours:<\/strong> Mon-Thu: 7:30am-4:00pm, Fri: 7:30am-1:30pm<\/p>\n<div class=\"map\"><iframe style=\"border: 0;\" src=\"https:\/\/www.google.com\/maps\/embed?pb=!1m14!1m8!1m3!1d1633.791182450203!2d16.986070401661372!3d46.47448372394722!3m2!1i1024!2i768!4f13.1!3m3!1m2!1s0x4768935c51a2ed2d%3A0x3257736a3e4dc2c5!2sFa-Feri+Kft.!5e0!3m2!1shu!2sus!4v1463557659378\" frameborder=\"0\" allowfullscreen=\"allowfullscreen\" data-mce-fragment=\"1\"><\/iframe><\/div>\n<h2>Carpanter\u2019s Shop<\/h2>\n<p><strong>E-mail:<\/strong> <a href=\"mailto:bolt@faferi.hu\">bolt@faferi.hu<\/a><br \/>\n<strong>Phone number:<\/strong> <a href=\"tel:+3693318327\">+36 93\/318-327<\/a><br \/>\n<strong>Mobile:<\/strong> <a href=\"tel:+36203696049\">20\/369-6049<\/a><br \/>\n<strong>Opening hours:<\/strong> Monday-Friday: 8:00am-5:00pm<\/p>\n<h2>Our Staff<\/h2>\n<div class=\"row\">\n<div class=\"col-lg-4 col-sm-6 staff\">\n<p><strong>Ferenc Horv\u00e1th<\/strong><br \/>\nHorv\u00e1th<br \/>\nCEO<\/p>\n<\/div>\n<div class=\"col-lg-4 col-sm-6 staff\">\n<p><strong>Zolt\u00e1n Varga<\/strong><br \/>\nCEO<br \/>\nEconomic and Financial Manager<br \/>\n<a href=\"mailto:varga.zoltan@faferi.hu\">varga.zoltan@faferi.hu<\/a><br \/>\n<a href=\"tel:+36209751579\">+36-20\/975-1579<\/a><\/p>\n<\/div>\n<div class=\"col-lg-4 col-sm-6 staff\">\n<p><strong>Imre Balogh<\/strong><br \/>\nImre<br \/>\nTechnical and Project Manager<br \/>\n<a href=\"mailto:balogh.imre@faferi.hu\">balogh.imre@faferi.hu<\/a><br \/>\n<a href=\"tel:+36202304502\">+36-20\/230-4502<\/a><\/p>\n<\/div>\n<div class=\"col-lg-4 col-sm-6 staff\">\n<p><strong>Henrietta Peterka<\/strong><br \/>\nProcurement, Sales, Logistics<br \/>\n<a href=\"mailto:peterka.heni@faferi.hu\">peterka.heni@faferi.hu<\/a><br \/>\n<a href=\"tel:+36202211020\">+36-20\/221-1020<\/a><\/p>\n<\/div>\n<div class=\"col-lg-4 col-sm-6 staff\">\n<p><strong>Tibor Kov\u00e1cs<\/strong><br \/>\nSalesperson<br \/>\n<a href=\"tel:+36202210957\">+36-20\/221-0957<\/a><\/p>\n<\/div>\n<\/div>\n<p>&nbsp;<\/p>\n<hr \/>\n<h2>Cegl\u00e9d Tibor<\/h2>\n<p><strong>Address:<\/strong> 2700 Cegl\u00e9d, Szelei \u00fat 2.<br \/>\n<strong>E-mail:<\/strong> <a href=\"mailto:cegled@faferi.hu\">cegled@faferi.hu<\/a><br \/>\n<strong>Opening hours:<\/strong> Monday-Friday: 7:00am-3:30pm<\/p>\n<div class=\"map\"><iframe style=\"border: 0;\" src=\"https:\/\/www.google.com\/maps\/embed?pb=!1m18!1m12!1m3!1d2711.6234504058175!2d19.799710315934355!3d47.1848086250121!2m3!1f0!2f0!3f0!3m2!1i1024!2i768!4f13.1!3m3!1m2!1s0x474171020f7e1593%3A0xf2fbd3bb92f2d20d!2zQ2VnbMOpZCwgU3plbGVpIMO6dCAyLCAyNzAwIE1hZ3lhcm9yc3rDoWc!5e0!3m2!1shu!2sus!4v1463032543533\" frameborder=\"0\" allowfullscreen=\"allowfullscreen\" data-mce-fragment=\"1\"><\/iframe><\/div>\n<h2>Our Staff<\/h2>\n<div class=\"row\">\n<div class=\"col-lg-4 col-sm-6 staff\">\n<p><strong>J\u00f3zsef Szegedi<\/strong><br \/>\nSite Manager<br \/>\n<a href=\"mailto:szegedi.jozsef@faferi.hu\">szegedi.jozsef@faferi.hu<\/a><br \/>\n<a href=\"tel:+36205255355\">+36-20\/525-5355<\/a><\/p>\n<\/div>\n<div class=\"col-lg-4 col-sm-6 staff\">\n<p><strong>Attila Horv\u00e1th<\/strong><br \/>\n<a href=\"tel:+36202970569\">+36-20\/297-0569<\/a><\/p>\n<\/div>\n<div class=\"col-lg-4 col-sm-6 staff\">\n<p><strong>Csaba S\u00e1rk\u00f6zi<\/strong><br \/>\n<a href=\"tel:+36202610397\">+36-20\/261-0397<\/a><\/p>\n<\/div>\n<div class=\"col-lg-4 col-sm-6 staff\">\n<p><strong>D\u00f6brei Istv\u00e1n<\/strong><br \/>\nSalesperson<br \/>\n<a href=\"tel:+36203606041\">+36-20\/360-6041<\/a><\/p>\n<\/div>\n<div class=\"col-lg-4 col-sm-6 staff\">\n<p><strong>J\u00f3zsef Terj\u00e9k<\/strong><br \/>\nSalesperson<br \/>\n<a href=\"tel:+36203696045\">+36-20\/369-6045<\/a><\/p>\n<\/div>\n<\/div>\n","protected":false},"excerpt":{"rendered":"<p>Nagykanizsa site Address: 8800 Nagykanizsa, Magyar \u00fat 168. E-mail: info@faferi.hu Phone number: +36 93\/536-276 Office hours: Mon-Thu: 7:30am-4:00pm, Fri: 7:30am-1:30pm Carpanter\u2019s Shop E-mail: bolt@faferi.hu Phone number: +36 93\/318-327 Mobile: 20\/369-6049 Opening hours: Monday-Friday: 8:00am-5:00pm Our Staff Ferenc Horv\u00e1th Horv\u00e1th CEO Zolt\u00e1n Varga CEO Economic and Financial Manager varga.zoltan@faferi.hu +36-20\/975-1579 Imre Balogh Imre Technical and Project [&hellip;]<\/p>\n","protected":false},"author":1,"featured_media":207,"parent":0,"menu_order":0,"comment_status":"closed","ping_status":"closed","template":"","meta":{"footnotes":""},"class_list":["post-321","page","type-page","status-publish","has-post-thumbnail","hentry"],"yoast_head":"<!-- This site is optimized with the Yoast SEO plugin v26.7 - https:\/\/yoast.com\/wordpress\/plugins\/seo\/ -->\n<title>Fa-Feri Kft. Contacts | Nagykanizsa | Cegl\u00e9d<\/title>\n<meta name=\"description\" content=\"Contact information for Fa-Feri Ltd.&#039;s locations in Nagykanizsa and Cegl\u00e9d. If you have any questions, feel free to reach out by phone, email, or in person!\" \/>\n<meta name=\"robots\" content=\"index, follow, max-snippet:-1, max-image-preview:large, max-video-preview:-1\" \/>\n<link rel=\"canonical\" href=\"https:\/\/www.faferi.hu\/en\/contact\/\" \/>\n<meta property=\"og:locale\" content=\"en_US\" \/>\n<meta property=\"og:type\" content=\"article\" \/>\n<meta property=\"og:title\" content=\"Fa-Feri Kft. Contacts | Nagykanizsa | Cegl\u00e9d\" \/>\n<meta property=\"og:description\" content=\"Contact information for Fa-Feri Ltd.&#039;s locations in Nagykanizsa and Cegl\u00e9d. If you have any questions, feel free to reach out by phone, email, or in person!\" \/>\n<meta property=\"og:url\" content=\"https:\/\/www.faferi.hu\/en\/contact\/\" \/>\n<meta property=\"og:site_name\" content=\"Fa-feri Kft.\" \/>\n<meta property=\"article:publisher\" content=\"https:\/\/www.facebook.com\/faferikft\" \/>\n<meta property=\"article:modified_time\" content=\"2024-02-21T09:37:26+00:00\" \/>\n<meta property=\"og:image\" content=\"https:\/\/www.faferi.hu\/files\/kornyezetbarat.webp\" \/>\n\t<meta property=\"og:image:width\" content=\"1920\" \/>\n\t<meta property=\"og:image:height\" content=\"1279\" \/>\n\t<meta property=\"og:image:type\" content=\"image\/webp\" \/>\n<meta name=\"twitter:card\" content=\"summary_large_image\" \/>\n<meta name=\"twitter:label1\" content=\"Est. reading time\" \/>\n\t<meta name=\"twitter:data1\" content=\"1 minute\" \/>\n<script type=\"application\/ld+json\" class=\"yoast-schema-graph\">{\"@context\":\"https:\/\/schema.org\",\"@graph\":[{\"@type\":\"WebPage\",\"@id\":\"https:\/\/www.faferi.hu\/en\/contact\/\",\"url\":\"https:\/\/www.faferi.hu\/en\/contact\/\",\"name\":\"Fa-Feri Kft. Contacts | Nagykanizsa | Cegl\u00e9d\",\"isPartOf\":{\"@id\":\"https:\/\/www.faferi.hu\/en\/#website\"},\"primaryImageOfPage\":{\"@id\":\"https:\/\/www.faferi.hu\/en\/contact\/#primaryimage\"},\"image\":{\"@id\":\"https:\/\/www.faferi.hu\/en\/contact\/#primaryimage\"},\"thumbnailUrl\":\"https:\/\/www.faferi.hu\/files\/kornyezetbarat.webp\",\"datePublished\":\"2023-10-26T08:31:59+00:00\",\"dateModified\":\"2024-02-21T09:37:26+00:00\",\"description\":\"Contact information for Fa-Feri Ltd.'s locations in Nagykanizsa and Cegl\u00e9d. If you have any questions, feel free to reach out by phone, email, or in person!\",\"inLanguage\":\"en-US\",\"potentialAction\":[{\"@type\":\"ReadAction\",\"target\":[\"https:\/\/www.faferi.hu\/en\/contact\/\"]}]},{\"@type\":\"ImageObject\",\"inLanguage\":\"en-US\",\"@id\":\"https:\/\/www.faferi.hu\/en\/contact\/#primaryimage\",\"url\":\"https:\/\/www.faferi.hu\/files\/kornyezetbarat.webp\",\"contentUrl\":\"https:\/\/www.faferi.hu\/files\/kornyezetbarat.webp\",\"width\":1920,\"height\":1279},{\"@type\":\"WebSite\",\"@id\":\"https:\/\/www.faferi.hu\/en\/#website\",\"url\":\"https:\/\/www.faferi.hu\/en\/\",\"name\":\"Fa-feri Kft.\",\"description\":\"\",\"publisher\":{\"@id\":\"https:\/\/www.faferi.hu\/en\/#organization\"},\"potentialAction\":[{\"@type\":\"SearchAction\",\"target\":{\"@type\":\"EntryPoint\",\"urlTemplate\":\"https:\/\/www.faferi.hu\/en\/?s={search_term_string}\"},\"query-input\":{\"@type\":\"PropertyValueSpecification\",\"valueRequired\":true,\"valueName\":\"search_term_string\"}}],\"inLanguage\":\"en-US\"},{\"@type\":\"Organization\",\"@id\":\"https:\/\/www.faferi.hu\/en\/#organization\",\"name\":\"Fa-feri Kft.\",\"url\":\"https:\/\/www.faferi.hu\/en\/\",\"logo\":{\"@type\":\"ImageObject\",\"inLanguage\":\"en-US\",\"@id\":\"https:\/\/www.faferi.hu\/en\/#\/schema\/logo\/image\/\",\"url\":\"https:\/\/www.faferi.hu\/files\/fa-feri_logo.png\",\"contentUrl\":\"https:\/\/www.faferi.hu\/files\/fa-feri_logo.png\",\"width\":512,\"height\":512,\"caption\":\"Fa-feri Kft.\"},\"image\":{\"@id\":\"https:\/\/www.faferi.hu\/en\/#\/schema\/logo\/image\/\"},\"sameAs\":[\"https:\/\/www.facebook.com\/faferikft\"]}]}<\/script>\n<!-- \/ Yoast SEO plugin. -->","yoast_head_json":{"title":"Fa-Feri Kft. Contacts | Nagykanizsa | Cegl\u00e9d","description":"Contact information for Fa-Feri Ltd.'s locations in Nagykanizsa and Cegl\u00e9d. If you have any questions, feel free to reach out by phone, email, or in person!","robots":{"index":"index","follow":"follow","max-snippet":"max-snippet:-1","max-image-preview":"max-image-preview:large","max-video-preview":"max-video-preview:-1"},"canonical":"https:\/\/www.faferi.hu\/en\/contact\/","og_locale":"en_US","og_type":"article","og_title":"Fa-Feri Kft. Contacts | Nagykanizsa | Cegl\u00e9d","og_description":"Contact information for Fa-Feri Ltd.'s locations in Nagykanizsa and Cegl\u00e9d. If you have any questions, feel free to reach out by phone, email, or in person!","og_url":"https:\/\/www.faferi.hu\/en\/contact\/","og_site_name":"Fa-feri Kft.","article_publisher":"https:\/\/www.facebook.com\/faferikft","article_modified_time":"2024-02-21T09:37:26+00:00","og_image":[{"width":1920,"height":1279,"url":"https:\/\/www.faferi.hu\/files\/kornyezetbarat.webp","type":"image\/webp"}],"twitter_card":"summary_large_image","twitter_misc":{"Est. reading time":"1 minute"},"schema":{"@context":"https:\/\/schema.org","@graph":[{"@type":"WebPage","@id":"https:\/\/www.faferi.hu\/en\/contact\/","url":"https:\/\/www.faferi.hu\/en\/contact\/","name":"Fa-Feri Kft. Contacts | Nagykanizsa | Cegl\u00e9d","isPartOf":{"@id":"https:\/\/www.faferi.hu\/en\/#website"},"primaryImageOfPage":{"@id":"https:\/\/www.faferi.hu\/en\/contact\/#primaryimage"},"image":{"@id":"https:\/\/www.faferi.hu\/en\/contact\/#primaryimage"},"thumbnailUrl":"https:\/\/www.faferi.hu\/files\/kornyezetbarat.webp","datePublished":"2023-10-26T08:31:59+00:00","dateModified":"2024-02-21T09:37:26+00:00","description":"Contact information for Fa-Feri Ltd.'s locations in Nagykanizsa and Cegl\u00e9d. If you have any questions, feel free to reach out by phone, email, or in person!","inLanguage":"en-US","potentialAction":[{"@type":"ReadAction","target":["https:\/\/www.faferi.hu\/en\/contact\/"]}]},{"@type":"ImageObject","inLanguage":"en-US","@id":"https:\/\/www.faferi.hu\/en\/contact\/#primaryimage","url":"https:\/\/www.faferi.hu\/files\/kornyezetbarat.webp","contentUrl":"https:\/\/www.faferi.hu\/files\/kornyezetbarat.webp","width":1920,"height":1279},{"@type":"WebSite","@id":"https:\/\/www.faferi.hu\/en\/#website","url":"https:\/\/www.faferi.hu\/en\/","name":"Fa-feri Kft.","description":"","publisher":{"@id":"https:\/\/www.faferi.hu\/en\/#organization"},"potentialAction":[{"@type":"SearchAction","target":{"@type":"EntryPoint","urlTemplate":"https:\/\/www.faferi.hu\/en\/?s={search_term_string}"},"query-input":{"@type":"PropertyValueSpecification","valueRequired":true,"valueName":"search_term_string"}}],"inLanguage":"en-US"},{"@type":"Organization","@id":"https:\/\/www.faferi.hu\/en\/#organization","name":"Fa-feri Kft.","url":"https:\/\/www.faferi.hu\/en\/","logo":{"@type":"ImageObject","inLanguage":"en-US","@id":"https:\/\/www.faferi.hu\/en\/#\/schema\/logo\/image\/","url":"https:\/\/www.faferi.hu\/files\/fa-feri_logo.png","contentUrl":"https:\/\/www.faferi.hu\/files\/fa-feri_logo.png","width":512,"height":512,"caption":"Fa-feri Kft."},"image":{"@id":"https:\/\/www.faferi.hu\/en\/#\/schema\/logo\/image\/"},"sameAs":["https:\/\/www.facebook.com\/faferikft"]}]}},"_links":{"self":[{"href":"https:\/\/www.faferi.hu\/en\/wp-json\/wp\/v2\/pages\/321","targetHints":{"allow":["GET"]}}],"collection":[{"href":"https:\/\/www.faferi.hu\/en\/wp-json\/wp\/v2\/pages"}],"about":[{"href":"https:\/\/www.faferi.hu\/en\/wp-json\/wp\/v2\/types\/page"}],"author":[{"embeddable":true,"href":"https:\/\/www.faferi.hu\/en\/wp-json\/wp\/v2\/users\/1"}],"replies":[{"embeddable":true,"href":"https:\/\/www.faferi.hu\/en\/wp-json\/wp\/v2\/comments?post=321"}],"version-history":[{"count":0,"href":"https:\/\/www.faferi.hu\/en\/wp-json\/wp\/v2\/pages\/321\/revisions"}],"wp:featuredmedia":[{"embeddable":true,"href":"https:\/\/www.faferi.hu\/en\/wp-json\/wp\/v2\/media\/207"}],"wp:attachment":[{"href":"https:\/\/www.faferi.hu\/en\/wp-json\/wp\/v2\/media?parent=321"}],"curies":[{"name":"wp","href":"https:\/\/api.w.org\/{rel}","templated":true}]}}