{"id":441,"date":"2024-02-19T13:14:55","date_gmt":"2024-02-19T12:14:55","guid":{"rendered":"https:\/\/www.faferi.hu\/?page_id=441"},"modified":"2024-02-21T15:16:02","modified_gmt":"2024-02-21T14:16:02","slug":"home","status":"publish","type":"page","link":"https:\/\/www.faferi.hu\/de\/","title":{"rendered":"Home"},"content":{"rendered":"","protected":false},"excerpt":{"rendered":"","protected":false},"author":1,"featured_media":244,"parent":0,"menu_order":0,"comment_status":"closed","ping_status":"closed","template":"","meta":{"footnotes":""},"class_list":["post-441","page","type-page","status-publish","has-post-thumbnail","hentry"],"yoast_head":"<!-- This site is optimized with the Yoast SEO plugin v26.7 - https:\/\/yoast.com\/wordpress\/plugins\/seo\/ -->\n<title>Fa-Feri Kft. | hochwertige Tischlermaterialien und M\u00f6belzubeh\u00f6r<\/title>\n<meta name=\"description\" content=\"W\u00e4hlen Sie hochwertige Arbeitsplatten, M\u00f6belplatten und MDF aus unserem Sortiment, auch ma\u00dfgeschneidert! Gro\u00dfe Auswahl, g\u00fcnstige Preise, schneller Service\" \/>\n<meta name=\"robots\" content=\"index, follow, max-snippet:-1, max-image-preview:large, max-video-preview:-1\" \/>\n<link rel=\"canonical\" href=\"https:\/\/www.faferi.hu\/de\/\" \/>\n<meta property=\"og:locale\" content=\"de_DE\" \/>\n<meta property=\"og:type\" content=\"article\" \/>\n<meta property=\"og:title\" content=\"Fa-Feri Kft. | hochwertige Tischlermaterialien und M\u00f6belzubeh\u00f6r\" \/>\n<meta property=\"og:description\" content=\"W\u00e4hlen Sie hochwertige Arbeitsplatten, M\u00f6belplatten und MDF aus unserem Sortiment, auch ma\u00dfgeschneidert! Gro\u00dfe Auswahl, g\u00fcnstige Preise, schneller Service\" \/>\n<meta property=\"og:url\" content=\"https:\/\/www.faferi.hu\/de\/\" \/>\n<meta property=\"og:site_name\" content=\"Fa-feri Kft.\" \/>\n<meta property=\"article:publisher\" content=\"https:\/\/www.facebook.com\/faferikft\" \/>\n<meta property=\"article:modified_time\" content=\"2024-02-21T14:16:02+00:00\" \/>\n<meta property=\"og:image\" content=\"https:\/\/www.faferi.hu\/files\/szolg_lapszabaszatelzar3.webp\" \/>\n\t<meta property=\"og:image:width\" content=\"1667\" \/>\n\t<meta property=\"og:image:height\" content=\"1078\" \/>\n\t<meta property=\"og:image:type\" content=\"image\/webp\" \/>\n<meta name=\"twitter:card\" content=\"summary_large_image\" \/>\n<meta name=\"twitter:label1\" content=\"Gesch\u00e4tzte Lesezeit\" \/>\n\t<meta name=\"twitter:data1\" content=\"1\u00a0Minute\" \/>\n<script type=\"application\/ld+json\" class=\"yoast-schema-graph\">{\"@context\":\"https:\/\/schema.org\",\"@graph\":[{\"@type\":\"WebPage\",\"@id\":\"https:\/\/www.faferi.hu\/de\/\",\"url\":\"https:\/\/www.faferi.hu\/de\/\",\"name\":\"Fa-Feri Kft. | hochwertige Tischlermaterialien und M\u00f6belzubeh\u00f6r\",\"isPartOf\":{\"@id\":\"https:\/\/www.faferi.hu\/de\/#website\"},\"primaryImageOfPage\":{\"@id\":\"https:\/\/www.faferi.hu\/de\/#primaryimage\"},\"image\":{\"@id\":\"https:\/\/www.faferi.hu\/de\/#primaryimage\"},\"thumbnailUrl\":\"https:\/\/www.faferi.hu\/files\/szolg_lapszabaszatelzar3.webp\",\"datePublished\":\"2024-02-19T12:14:55+00:00\",\"dateModified\":\"2024-02-21T14:16:02+00:00\",\"description\":\"W\u00e4hlen Sie hochwertige Arbeitsplatten, M\u00f6belplatten und MDF aus unserem Sortiment, auch ma\u00dfgeschneidert! Gro\u00dfe Auswahl, g\u00fcnstige Preise, schneller Service\",\"inLanguage\":\"de\",\"potentialAction\":[{\"@type\":\"ReadAction\",\"target\":[\"https:\/\/www.faferi.hu\/de\/\"]}]},{\"@type\":\"ImageObject\",\"inLanguage\":\"de\",\"@id\":\"https:\/\/www.faferi.hu\/de\/#primaryimage\",\"url\":\"https:\/\/www.faferi.hu\/files\/szolg_lapszabaszatelzar3.webp\",\"contentUrl\":\"https:\/\/www.faferi.hu\/files\/szolg_lapszabaszatelzar3.webp\",\"width\":1667,\"height\":1078},{\"@type\":\"WebSite\",\"@id\":\"https:\/\/www.faferi.hu\/de\/#website\",\"url\":\"https:\/\/www.faferi.hu\/de\/\",\"name\":\"Fa-feri Kft.\",\"description\":\"\",\"publisher\":{\"@id\":\"https:\/\/www.faferi.hu\/de\/#organization\"},\"potentialAction\":[{\"@type\":\"SearchAction\",\"target\":{\"@type\":\"EntryPoint\",\"urlTemplate\":\"https:\/\/www.faferi.hu\/de\/?s={search_term_string}\"},\"query-input\":{\"@type\":\"PropertyValueSpecification\",\"valueRequired\":true,\"valueName\":\"search_term_string\"}}],\"inLanguage\":\"de\"},{\"@type\":\"Organization\",\"@id\":\"https:\/\/www.faferi.hu\/de\/#organization\",\"name\":\"Fa-feri Kft.\",\"url\":\"https:\/\/www.faferi.hu\/de\/\",\"logo\":{\"@type\":\"ImageObject\",\"inLanguage\":\"de\",\"@id\":\"https:\/\/www.faferi.hu\/de\/#\/schema\/logo\/image\/\",\"url\":\"https:\/\/www.faferi.hu\/files\/fa-feri_logo.png\",\"contentUrl\":\"https:\/\/www.faferi.hu\/files\/fa-feri_logo.png\",\"width\":512,\"height\":512,\"caption\":\"Fa-feri Kft.\"},\"image\":{\"@id\":\"https:\/\/www.faferi.hu\/de\/#\/schema\/logo\/image\/\"},\"sameAs\":[\"https:\/\/www.facebook.com\/faferikft\"]}]}<\/script>\n<!-- \/ Yoast SEO plugin. -->","yoast_head_json":{"title":"Fa-Feri Kft. | hochwertige Tischlermaterialien und M\u00f6belzubeh\u00f6r","description":"W\u00e4hlen Sie hochwertige Arbeitsplatten, M\u00f6belplatten und MDF aus unserem Sortiment, auch ma\u00dfgeschneidert! Gro\u00dfe Auswahl, g\u00fcnstige Preise, schneller Service","robots":{"index":"index","follow":"follow","max-snippet":"max-snippet:-1","max-image-preview":"max-image-preview:large","max-video-preview":"max-video-preview:-1"},"canonical":"https:\/\/www.faferi.hu\/de\/","og_locale":"de_DE","og_type":"article","og_title":"Fa-Feri Kft. | hochwertige Tischlermaterialien und M\u00f6belzubeh\u00f6r","og_description":"W\u00e4hlen Sie hochwertige Arbeitsplatten, M\u00f6belplatten und MDF aus unserem Sortiment, auch ma\u00dfgeschneidert! Gro\u00dfe Auswahl, g\u00fcnstige Preise, schneller Service","og_url":"https:\/\/www.faferi.hu\/de\/","og_site_name":"Fa-feri Kft.","article_publisher":"https:\/\/www.facebook.com\/faferikft","article_modified_time":"2024-02-21T14:16:02+00:00","og_image":[{"width":1667,"height":1078,"url":"https:\/\/www.faferi.hu\/files\/szolg_lapszabaszatelzar3.webp","type":"image\/webp"}],"twitter_card":"summary_large_image","twitter_misc":{"Gesch\u00e4tzte Lesezeit":"1\u00a0Minute"},"schema":{"@context":"https:\/\/schema.org","@graph":[{"@type":"WebPage","@id":"https:\/\/www.faferi.hu\/de\/","url":"https:\/\/www.faferi.hu\/de\/","name":"Fa-Feri Kft. | hochwertige Tischlermaterialien und M\u00f6belzubeh\u00f6r","isPartOf":{"@id":"https:\/\/www.faferi.hu\/de\/#website"},"primaryImageOfPage":{"@id":"https:\/\/www.faferi.hu\/de\/#primaryimage"},"image":{"@id":"https:\/\/www.faferi.hu\/de\/#primaryimage"},"thumbnailUrl":"https:\/\/www.faferi.hu\/files\/szolg_lapszabaszatelzar3.webp","datePublished":"2024-02-19T12:14:55+00:00","dateModified":"2024-02-21T14:16:02+00:00","description":"W\u00e4hlen Sie hochwertige Arbeitsplatten, M\u00f6belplatten und MDF aus unserem Sortiment, auch ma\u00dfgeschneidert! Gro\u00dfe Auswahl, g\u00fcnstige Preise, schneller Service","inLanguage":"de","potentialAction":[{"@type":"ReadAction","target":["https:\/\/www.faferi.hu\/de\/"]}]},{"@type":"ImageObject","inLanguage":"de","@id":"https:\/\/www.faferi.hu\/de\/#primaryimage","url":"https:\/\/www.faferi.hu\/files\/szolg_lapszabaszatelzar3.webp","contentUrl":"https:\/\/www.faferi.hu\/files\/szolg_lapszabaszatelzar3.webp","width":1667,"height":1078},{"@type":"WebSite","@id":"https:\/\/www.faferi.hu\/de\/#website","url":"https:\/\/www.faferi.hu\/de\/","name":"Fa-feri Kft.","description":"","publisher":{"@id":"https:\/\/www.faferi.hu\/de\/#organization"},"potentialAction":[{"@type":"SearchAction","target":{"@type":"EntryPoint","urlTemplate":"https:\/\/www.faferi.hu\/de\/?s={search_term_string}"},"query-input":{"@type":"PropertyValueSpecification","valueRequired":true,"valueName":"search_term_string"}}],"inLanguage":"de"},{"@type":"Organization","@id":"https:\/\/www.faferi.hu\/de\/#organization","name":"Fa-feri Kft.","url":"https:\/\/www.faferi.hu\/de\/","logo":{"@type":"ImageObject","inLanguage":"de","@id":"https:\/\/www.faferi.hu\/de\/#\/schema\/logo\/image\/","url":"https:\/\/www.faferi.hu\/files\/fa-feri_logo.png","contentUrl":"https:\/\/www.faferi.hu\/files\/fa-feri_logo.png","width":512,"height":512,"caption":"Fa-feri Kft."},"image":{"@id":"https:\/\/www.faferi.hu\/de\/#\/schema\/logo\/image\/"},"sameAs":["https:\/\/www.facebook.com\/faferikft"]}]}},"_links":{"self":[{"href":"https:\/\/www.faferi.hu\/de\/wp-json\/wp\/v2\/pages\/441","targetHints":{"allow":["GET"]}}],"collection":[{"href":"https:\/\/www.faferi.hu\/de\/wp-json\/wp\/v2\/pages"}],"about":[{"href":"https:\/\/www.faferi.hu\/de\/wp-json\/wp\/v2\/types\/page"}],"author":[{"embeddable":true,"href":"https:\/\/www.faferi.hu\/de\/wp-json\/wp\/v2\/users\/1"}],"replies":[{"embeddable":true,"href":"https:\/\/www.faferi.hu\/de\/wp-json\/wp\/v2\/comments?post=441"}],"version-history":[{"count":0,"href":"https:\/\/www.faferi.hu\/de\/wp-json\/wp\/v2\/pages\/441\/revisions"}],"wp:featuredmedia":[{"embeddable":true,"href":"https:\/\/www.faferi.hu\/de\/wp-json\/wp\/v2\/media\/244"}],"wp:attachment":[{"href":"https:\/\/www.faferi.hu\/de\/wp-json\/wp\/v2\/media?parent=441"}],"curies":[{"name":"wp","href":"https:\/\/api.w.org\/{rel}","templated":true}]}}