{"id":431,"date":"2023-10-26T11:08:49","date_gmt":"2023-10-26T09:08:49","guid":{"rendered":"https:\/\/www.faferi.hu\/?page_id=431"},"modified":"2024-02-21T15:28:18","modified_gmt":"2024-02-21T14:28:18","slug":"vorstellung","status":"publish","type":"page","link":"https:\/\/www.faferi.hu\/de\/ueber-uns\/vorstellung\/","title":{"rendered":"Vorstellung"},"content":{"rendered":"<p>Die Geschichte der <strong>FA-FERI Kft.<\/strong> begann im Januar 1991 mit nur einer Person, wo wir uns mit der Herstellung von Holzprodukten und dem Vertrieb von holzverarbeitenden Grund- und Hilfsstoffen besch\u00e4ftigten. Die pers\u00f6nliche Ambition des Gr\u00fcnders, die Nachfrage nach hochwertigen Dienstleistungen, die wachsende Nachfrage nach individuell hergestellten Produkten und die M\u00f6glichkeit, ein Lieferant f\u00fcr M\u00f6belhersteller zu werden, trieben das Unternehmen voran.<\/p>\n<p>Nachdem die ersten Hindernisse \u00fcberwunden waren, nutzten wir im Juli 1996 die M\u00f6glichkeit von Krediten und eigenen finanziellen Mitteln und gr\u00fcndeten die <strong>FA-FERI Kft.<\/strong> Das Unternehmen begann mit einem einzigen Holzfachmann, einem erfahrenen Besitzer, aber im Laufe der Zeit wuchs die Belegschaft stetig.<\/p>\n<div class=\"gallery-imgs row\">\n            <div class=\"gallery-item col-sm-6 col-lg-4\">\n                    <a href=\"https:\/\/www.faferi.hu\/files\/rolunk4.webp\">\n                        <img decoding=\"async\" src=\"https:\/\/www.faferi.hu\/files\/rolunk4-540x360.webp\" alt=\"\" class=\"img-fluid\">\n\t\t\t\t\t\t\t\t\n                    <\/a>\n            <\/div>\n            <div class=\"gallery-item col-sm-6 col-lg-4\">\n                    <a href=\"https:\/\/www.faferi.hu\/files\/rolunk2.webp\">\n                        <img decoding=\"async\" src=\"https:\/\/www.faferi.hu\/files\/rolunk2-540x360.webp\" alt=\"\" class=\"img-fluid\">\n\t\t\t\t\t\t\t\t\n                    <\/a>\n            <\/div>\n            <div class=\"gallery-item col-sm-6 col-lg-4\">\n                    <a href=\"https:\/\/www.faferi.hu\/files\/rolunk3.webp\">\n                        <img decoding=\"async\" src=\"https:\/\/www.faferi.hu\/files\/rolunk3-540x360.webp\" alt=\"\" class=\"img-fluid\">\n\t\t\t\t\t\t\t\t\n                    <\/a>\n            <\/div><\/div>\n<p>Dank unserer herausragenden Expertise konnten wir eine breite Bekanntheit erlangen und uns zu einem Lieferanten f\u00fcr Gro\u00dfbetriebe entwickeln. Wir haben unseren Kundenstamm kontinuierlich erweitert und sie haben uns mit immer gr\u00f6\u00dferem Vertrauen begegnet.<\/p>\n<blockquote>Ein entscheidender Faktor bei der Gewinnung und Bindung von Vertrauen war unsere kontinuierliche Weiterentwicklung unserer Produkte, um den steigenden Anforderungen und Erwartungen unserer Kunden gerecht zu werden.<\/blockquote>\n<p>Anfangs betrieben wir eine kleine eigene Niederlassung, aber mit dem Wachstum des Unternehmens wurde es notwendig, einen gr\u00f6\u00dferen, modernen Standort zu schaffen. Wir ersetzten unsere urspr\u00fcnglich hausgemachten Maschinen durch hochmoderne Maschinen und erweiterten unsere Flotte von Transportmitteln. Die Zahl der Mitarbeiter wurde auf 115 erh\u00f6ht, um ihnen immer bessere soziale Bedingungen zu bieten.<\/p>\n<h2>Die Grundlage unseres Wachstums<\/h2>\n<ul>\n<li>Kontinuierliche Wissenserweiterung.<\/li>\n<li>Flexible Anpassung an das Gesch\u00e4ftsumfeld.<\/li>\n<li>Gew\u00e4hrleistung qualitativ hochwertiger Arbeit.<\/li>\n<li>Verfolgung und Ber\u00fccksichtigung der Erwartungen und Anforderungen der Kunden.<\/li>\n<li>Sammlung und Auswertung von Marktinformatio.<\/li>\n<li>Engagement f\u00fcr qualitativ hochwertige Arbeit und flexible Anpassung an Ver\u00e4nderungen.<\/li>\n<li>Bereitstellung hochwertiger holzverarbeitender Produkte und Dienstleistungen f\u00fcr Kunden.<\/li>\n<\/ul>\n<p>Die <strong>FA-FERI Kft.<\/strong> steht Ihnen weiterhin zur Verf\u00fcgung, um unseren Kunden hochwertige holzverarbeitende Produkte und Dienstleistungen anzubieten.<\/p>\n","protected":false},"excerpt":{"rendered":"<p>Die Geschichte der FA-FERI Kft. begann im Januar 1991 mit nur einer Person, wo wir uns mit der Herstellung von Holzprodukten und dem Vertrieb von holzverarbeitenden Grund- und Hilfsstoffen besch\u00e4ftigten. Die pers\u00f6nliche Ambition des Gr\u00fcnders, die Nachfrage nach hochwertigen Dienstleistungen, die wachsende Nachfrage nach individuell hergestellten Produkten und die M\u00f6glichkeit, ein Lieferant f\u00fcr M\u00f6belhersteller zu [&hellip;]<\/p>\n","protected":false},"author":1,"featured_media":192,"parent":434,"menu_order":0,"comment_status":"closed","ping_status":"closed","template":"","meta":{"footnotes":""},"class_list":["post-431","page","type-page","status-publish","has-post-thumbnail","hentry"],"yoast_head":"<!-- This site is optimized with the Yoast SEO plugin v27.5 - https:\/\/yoast.com\/product\/yoast-seo-wordpress\/ -->\n<title>Vorstellung von Fa-Feri Kft. | Nagykanizsa | Cegl\u00e9d<\/title>\n<meta name=\"description\" content=\"Die FA-FERI Kft. steht Ihnen zur Verf\u00fcgung, um Ihnen hochwertige Holzprodukte und Dienstleistungen anzubieten.\" \/>\n<meta name=\"robots\" content=\"index, follow, max-snippet:-1, max-image-preview:large, max-video-preview:-1\" \/>\n<link rel=\"canonical\" href=\"https:\/\/www.faferi.hu\/de\/ueber-uns\/vorstellung\/\" \/>\n<meta property=\"og:locale\" content=\"de_DE\" \/>\n<meta property=\"og:type\" content=\"article\" \/>\n<meta property=\"og:title\" content=\"Vorstellung von Fa-Feri Kft. | Nagykanizsa | Cegl\u00e9d\" \/>\n<meta property=\"og:description\" content=\"Die FA-FERI Kft. steht Ihnen zur Verf\u00fcgung, um Ihnen hochwertige Holzprodukte und Dienstleistungen anzubieten.\" \/>\n<meta property=\"og:url\" content=\"https:\/\/www.faferi.hu\/de\/ueber-uns\/vorstellung\/\" \/>\n<meta property=\"og:site_name\" content=\"Fa-feri Kft.\" \/>\n<meta property=\"article:publisher\" content=\"https:\/\/www.facebook.com\/faferikft\" \/>\n<meta property=\"article:modified_time\" content=\"2024-02-21T14:28:18+00:00\" \/>\n<meta property=\"og:image\" content=\"https:\/\/www.faferi.hu\/files\/rolunk2.webp\" \/>\n\t<meta property=\"og:image:width\" content=\"1920\" \/>\n\t<meta property=\"og:image:height\" content=\"1279\" \/>\n\t<meta property=\"og:image:type\" content=\"image\/webp\" \/>\n<meta name=\"twitter:card\" content=\"summary_large_image\" \/>\n<meta name=\"twitter:label1\" content=\"Gesch\u00e4tzte Lesezeit\" \/>\n\t<meta name=\"twitter:data1\" content=\"2\u00a0Minuten\" \/>\n<script type=\"application\/ld+json\" class=\"yoast-schema-graph\">{\"@context\":\"https:\\\/\\\/schema.org\",\"@graph\":[{\"@type\":\"WebPage\",\"@id\":\"https:\\\/\\\/www.faferi.hu\\\/de\\\/ueber-uns\\\/vorstellung\\\/\",\"url\":\"https:\\\/\\\/www.faferi.hu\\\/de\\\/ueber-uns\\\/vorstellung\\\/\",\"name\":\"Vorstellung von Fa-Feri Kft. | Nagykanizsa | Cegl\u00e9d\",\"isPartOf\":{\"@id\":\"https:\\\/\\\/www.faferi.hu\\\/de\\\/#website\"},\"primaryImageOfPage\":{\"@id\":\"https:\\\/\\\/www.faferi.hu\\\/de\\\/ueber-uns\\\/vorstellung\\\/#primaryimage\"},\"image\":{\"@id\":\"https:\\\/\\\/www.faferi.hu\\\/de\\\/ueber-uns\\\/vorstellung\\\/#primaryimage\"},\"thumbnailUrl\":\"https:\\\/\\\/www.faferi.hu\\\/files\\\/rolunk2.webp\",\"datePublished\":\"2023-10-26T09:08:49+00:00\",\"dateModified\":\"2024-02-21T14:28:18+00:00\",\"description\":\"Die FA-FERI Kft. steht Ihnen zur Verf\u00fcgung, um Ihnen hochwertige Holzprodukte und Dienstleistungen anzubieten.\",\"breadcrumb\":{\"@id\":\"https:\\\/\\\/www.faferi.hu\\\/de\\\/ueber-uns\\\/vorstellung\\\/#breadcrumb\"},\"inLanguage\":\"de\",\"potentialAction\":[{\"@type\":\"ReadAction\",\"target\":[\"https:\\\/\\\/www.faferi.hu\\\/de\\\/ueber-uns\\\/vorstellung\\\/\"]}]},{\"@type\":\"ImageObject\",\"inLanguage\":\"de\",\"@id\":\"https:\\\/\\\/www.faferi.hu\\\/de\\\/ueber-uns\\\/vorstellung\\\/#primaryimage\",\"url\":\"https:\\\/\\\/www.faferi.hu\\\/files\\\/rolunk2.webp\",\"contentUrl\":\"https:\\\/\\\/www.faferi.hu\\\/files\\\/rolunk2.webp\",\"width\":1920,\"height\":1279},{\"@type\":\"BreadcrumbList\",\"@id\":\"https:\\\/\\\/www.faferi.hu\\\/de\\\/ueber-uns\\\/vorstellung\\\/#breadcrumb\",\"itemListElement\":[{\"@type\":\"ListItem\",\"position\":1,\"name\":\"\u00dcber uns\",\"item\":\"https:\\\/\\\/www.faferi.hu\\\/de\\\/ueber-uns\\\/\"},{\"@type\":\"ListItem\",\"position\":2,\"name\":\"Vorstellung\"}]},{\"@type\":\"WebSite\",\"@id\":\"https:\\\/\\\/www.faferi.hu\\\/de\\\/#website\",\"url\":\"https:\\\/\\\/www.faferi.hu\\\/de\\\/\",\"name\":\"Fa-feri Kft.\",\"description\":\"\",\"publisher\":{\"@id\":\"https:\\\/\\\/www.faferi.hu\\\/de\\\/#organization\"},\"potentialAction\":[{\"@type\":\"SearchAction\",\"target\":{\"@type\":\"EntryPoint\",\"urlTemplate\":\"https:\\\/\\\/www.faferi.hu\\\/de\\\/?s={search_term_string}\"},\"query-input\":{\"@type\":\"PropertyValueSpecification\",\"valueRequired\":true,\"valueName\":\"search_term_string\"}}],\"inLanguage\":\"de\"},{\"@type\":\"Organization\",\"@id\":\"https:\\\/\\\/www.faferi.hu\\\/de\\\/#organization\",\"name\":\"Fa-feri Kft.\",\"url\":\"https:\\\/\\\/www.faferi.hu\\\/de\\\/\",\"logo\":{\"@type\":\"ImageObject\",\"inLanguage\":\"de\",\"@id\":\"https:\\\/\\\/www.faferi.hu\\\/de\\\/#\\\/schema\\\/logo\\\/image\\\/\",\"url\":\"https:\\\/\\\/www.faferi.hu\\\/files\\\/fa-feri_logo.png\",\"contentUrl\":\"https:\\\/\\\/www.faferi.hu\\\/files\\\/fa-feri_logo.png\",\"width\":512,\"height\":512,\"caption\":\"Fa-feri Kft.\"},\"image\":{\"@id\":\"https:\\\/\\\/www.faferi.hu\\\/de\\\/#\\\/schema\\\/logo\\\/image\\\/\"},\"sameAs\":[\"https:\\\/\\\/www.facebook.com\\\/faferikft\"]}]}<\/script>\n<!-- \/ Yoast SEO plugin. -->","yoast_head_json":{"title":"Vorstellung von Fa-Feri Kft. | Nagykanizsa | Cegl\u00e9d","description":"Die FA-FERI Kft. steht Ihnen zur Verf\u00fcgung, um Ihnen hochwertige Holzprodukte und Dienstleistungen anzubieten.","robots":{"index":"index","follow":"follow","max-snippet":"max-snippet:-1","max-image-preview":"max-image-preview:large","max-video-preview":"max-video-preview:-1"},"canonical":"https:\/\/www.faferi.hu\/de\/ueber-uns\/vorstellung\/","og_locale":"de_DE","og_type":"article","og_title":"Vorstellung von Fa-Feri Kft. | Nagykanizsa | Cegl\u00e9d","og_description":"Die FA-FERI Kft. steht Ihnen zur Verf\u00fcgung, um Ihnen hochwertige Holzprodukte und Dienstleistungen anzubieten.","og_url":"https:\/\/www.faferi.hu\/de\/ueber-uns\/vorstellung\/","og_site_name":"Fa-feri Kft.","article_publisher":"https:\/\/www.facebook.com\/faferikft","article_modified_time":"2024-02-21T14:28:18+00:00","og_image":[{"width":1920,"height":1279,"url":"https:\/\/www.faferi.hu\/files\/rolunk2.webp","type":"image\/webp"}],"twitter_card":"summary_large_image","twitter_misc":{"Gesch\u00e4tzte Lesezeit":"2\u00a0Minuten"},"schema":{"@context":"https:\/\/schema.org","@graph":[{"@type":"WebPage","@id":"https:\/\/www.faferi.hu\/de\/ueber-uns\/vorstellung\/","url":"https:\/\/www.faferi.hu\/de\/ueber-uns\/vorstellung\/","name":"Vorstellung von Fa-Feri Kft. | Nagykanizsa | Cegl\u00e9d","isPartOf":{"@id":"https:\/\/www.faferi.hu\/de\/#website"},"primaryImageOfPage":{"@id":"https:\/\/www.faferi.hu\/de\/ueber-uns\/vorstellung\/#primaryimage"},"image":{"@id":"https:\/\/www.faferi.hu\/de\/ueber-uns\/vorstellung\/#primaryimage"},"thumbnailUrl":"https:\/\/www.faferi.hu\/files\/rolunk2.webp","datePublished":"2023-10-26T09:08:49+00:00","dateModified":"2024-02-21T14:28:18+00:00","description":"Die FA-FERI Kft. steht Ihnen zur Verf\u00fcgung, um Ihnen hochwertige Holzprodukte und Dienstleistungen anzubieten.","breadcrumb":{"@id":"https:\/\/www.faferi.hu\/de\/ueber-uns\/vorstellung\/#breadcrumb"},"inLanguage":"de","potentialAction":[{"@type":"ReadAction","target":["https:\/\/www.faferi.hu\/de\/ueber-uns\/vorstellung\/"]}]},{"@type":"ImageObject","inLanguage":"de","@id":"https:\/\/www.faferi.hu\/de\/ueber-uns\/vorstellung\/#primaryimage","url":"https:\/\/www.faferi.hu\/files\/rolunk2.webp","contentUrl":"https:\/\/www.faferi.hu\/files\/rolunk2.webp","width":1920,"height":1279},{"@type":"BreadcrumbList","@id":"https:\/\/www.faferi.hu\/de\/ueber-uns\/vorstellung\/#breadcrumb","itemListElement":[{"@type":"ListItem","position":1,"name":"\u00dcber uns","item":"https:\/\/www.faferi.hu\/de\/ueber-uns\/"},{"@type":"ListItem","position":2,"name":"Vorstellung"}]},{"@type":"WebSite","@id":"https:\/\/www.faferi.hu\/de\/#website","url":"https:\/\/www.faferi.hu\/de\/","name":"Fa-feri Kft.","description":"","publisher":{"@id":"https:\/\/www.faferi.hu\/de\/#organization"},"potentialAction":[{"@type":"SearchAction","target":{"@type":"EntryPoint","urlTemplate":"https:\/\/www.faferi.hu\/de\/?s={search_term_string}"},"query-input":{"@type":"PropertyValueSpecification","valueRequired":true,"valueName":"search_term_string"}}],"inLanguage":"de"},{"@type":"Organization","@id":"https:\/\/www.faferi.hu\/de\/#organization","name":"Fa-feri Kft.","url":"https:\/\/www.faferi.hu\/de\/","logo":{"@type":"ImageObject","inLanguage":"de","@id":"https:\/\/www.faferi.hu\/de\/#\/schema\/logo\/image\/","url":"https:\/\/www.faferi.hu\/files\/fa-feri_logo.png","contentUrl":"https:\/\/www.faferi.hu\/files\/fa-feri_logo.png","width":512,"height":512,"caption":"Fa-feri Kft."},"image":{"@id":"https:\/\/www.faferi.hu\/de\/#\/schema\/logo\/image\/"},"sameAs":["https:\/\/www.facebook.com\/faferikft"]}]}},"_links":{"self":[{"href":"https:\/\/www.faferi.hu\/de\/wp-json\/wp\/v2\/pages\/431","targetHints":{"allow":["GET"]}}],"collection":[{"href":"https:\/\/www.faferi.hu\/de\/wp-json\/wp\/v2\/pages"}],"about":[{"href":"https:\/\/www.faferi.hu\/de\/wp-json\/wp\/v2\/types\/page"}],"author":[{"embeddable":true,"href":"https:\/\/www.faferi.hu\/de\/wp-json\/wp\/v2\/users\/1"}],"replies":[{"embeddable":true,"href":"https:\/\/www.faferi.hu\/de\/wp-json\/wp\/v2\/comments?post=431"}],"version-history":[{"count":0,"href":"https:\/\/www.faferi.hu\/de\/wp-json\/wp\/v2\/pages\/431\/revisions"}],"up":[{"embeddable":true,"href":"https:\/\/www.faferi.hu\/de\/wp-json\/wp\/v2\/pages\/434"}],"wp:featuredmedia":[{"embeddable":true,"href":"https:\/\/www.faferi.hu\/de\/wp-json\/wp\/v2\/media\/192"}],"wp:attachment":[{"href":"https:\/\/www.faferi.hu\/de\/wp-json\/wp\/v2\/media?parent=431"}],"curies":[{"name":"wp","href":"https:\/\/api.w.org\/{rel}","templated":true}]}}