{"id":416,"date":"2023-10-26T10:31:03","date_gmt":"2023-10-26T08:31:03","guid":{"rendered":"https:\/\/www.faferi.hu\/?page_id=416"},"modified":"2024-02-21T15:26:33","modified_gmt":"2024-02-21T14:26:33","slug":"schleifen-kontaktschleifen","status":"publish","type":"page","link":"https:\/\/www.faferi.hu\/de\/produktion\/schleifen-kontaktschleifen\/","title":{"rendered":"Schleifen, Kontaktschleifen"},"content":{"rendered":"<p>Heutzutage zeichnen sich unsere Gebrauchsgegenst\u00e4nde durch ihre einzigartige und vielf\u00e4ltige Erscheinung aus. Um dies zu erreichen, ist es besonders wichtig, die Oberfl\u00e4che entsprechend vorzubereiten, einschlie\u00dflich der erforderlichen Schleifarbeiten. In der Regel erfolgt vor dem Auftragen von Oberfl\u00e4chenbehandlungsmaterialien eine Endbearbeitung. Dies spielt eine entscheidende Rolle f\u00fcr das Gef\u00fchl des fertigen Produkts oder Gegenstands und tr\u00e4gt dazu bei, dass die Oberfl\u00e4chenbehandlung sowohl \u00e4sthetisch als auch in Bezug auf den Schutz des Verwendungsortes angemessen ist.<\/p>\n<p><img loading=\"lazy\" decoding=\"async\" class=\"alignnone size-full wp-image-66\" src=\"https:\/\/www.faferi.hu\/files\/szolg_csiszolas.webp\" alt=\"\" width=\"1920\" height=\"1280\" srcset=\"https:\/\/www.faferi.hu\/files\/szolg_csiszolas.webp 1920w, https:\/\/www.faferi.hu\/files\/szolg_csiszolas-540x360.webp 540w, https:\/\/www.faferi.hu\/files\/szolg_csiszolas-900x600.webp 900w\" sizes=\"auto, (max-width: 1920px) 100vw, 1920px\" \/><\/p>\n","protected":false},"excerpt":{"rendered":"<p>Heutzutage zeichnen sich unsere Gebrauchsgegenst\u00e4nde durch ihre einzigartige und vielf\u00e4ltige Erscheinung aus. Um dies zu erreichen, ist es besonders wichtig, die Oberfl\u00e4che entsprechend vorzubereiten, einschlie\u00dflich der erforderlichen Schleifarbeiten. In der Regel erfolgt vor dem Auftragen von Oberfl\u00e4chenbehandlungsmaterialien eine Endbearbeitung. Dies spielt eine entscheidende Rolle f\u00fcr das Gef\u00fchl des fertigen Produkts oder Gegenstands und tr\u00e4gt dazu [&hellip;]<\/p>\n","protected":false},"author":1,"featured_media":206,"parent":411,"menu_order":0,"comment_status":"closed","ping_status":"closed","template":"","meta":{"footnotes":""},"class_list":["post-416","page","type-page","status-publish","has-post-thumbnail","hentry"],"yoast_head":"<!-- This site is optimized with the Yoast SEO plugin v26.7 - https:\/\/yoast.com\/wordpress\/plugins\/seo\/ -->\n<title>Oberfl\u00e4chenvorbereitung: Schleifen, Kontaktschleifen | Fa-Feri Kft.<\/title>\n<meta name=\"description\" content=\"Wenn Qualit\u00e4t auch f\u00fcr Sie wichtig ist, \u00fcberlassen Sie uns gerne die Vorbereitung der Oberfl\u00e4che f\u00fcr ein perfektes Ergebnis!\" \/>\n<meta name=\"robots\" content=\"index, follow, max-snippet:-1, max-image-preview:large, max-video-preview:-1\" \/>\n<link rel=\"canonical\" href=\"https:\/\/www.faferi.hu\/de\/produktion\/schleifen-kontaktschleifen\/\" \/>\n<meta property=\"og:locale\" content=\"de_DE\" \/>\n<meta property=\"og:type\" content=\"article\" \/>\n<meta property=\"og:title\" content=\"Oberfl\u00e4chenvorbereitung: Schleifen, Kontaktschleifen | Fa-Feri Kft.\" \/>\n<meta property=\"og:description\" content=\"Wenn Qualit\u00e4t auch f\u00fcr Sie wichtig ist, \u00fcberlassen Sie uns gerne die Vorbereitung der Oberfl\u00e4che f\u00fcr ein perfektes Ergebnis!\" \/>\n<meta property=\"og:url\" content=\"https:\/\/www.faferi.hu\/de\/produktion\/schleifen-kontaktschleifen\/\" \/>\n<meta property=\"og:site_name\" content=\"Fa-feri Kft.\" \/>\n<meta property=\"article:publisher\" content=\"https:\/\/www.facebook.com\/faferikft\" \/>\n<meta property=\"article:modified_time\" content=\"2024-02-21T14:26:33+00:00\" \/>\n<meta property=\"og:image\" content=\"https:\/\/www.faferi.hu\/files\/szolg_csiszolas.webp\" \/>\n\t<meta property=\"og:image:width\" content=\"1920\" \/>\n\t<meta property=\"og:image:height\" content=\"1280\" \/>\n\t<meta property=\"og:image:type\" content=\"image\/webp\" \/>\n<meta name=\"twitter:card\" content=\"summary_large_image\" \/>\n<meta name=\"twitter:label1\" content=\"Gesch\u00e4tzte Lesezeit\" \/>\n\t<meta name=\"twitter:data1\" content=\"1\u00a0Minute\" \/>\n<script type=\"application\/ld+json\" class=\"yoast-schema-graph\">{\"@context\":\"https:\/\/schema.org\",\"@graph\":[{\"@type\":\"WebPage\",\"@id\":\"https:\/\/www.faferi.hu\/de\/produktion\/schleifen-kontaktschleifen\/\",\"url\":\"https:\/\/www.faferi.hu\/de\/produktion\/schleifen-kontaktschleifen\/\",\"name\":\"Oberfl\u00e4chenvorbereitung: Schleifen, Kontaktschleifen | Fa-Feri Kft.\",\"isPartOf\":{\"@id\":\"https:\/\/www.faferi.hu\/de\/#website\"},\"primaryImageOfPage\":{\"@id\":\"https:\/\/www.faferi.hu\/de\/produktion\/schleifen-kontaktschleifen\/#primaryimage\"},\"image\":{\"@id\":\"https:\/\/www.faferi.hu\/de\/produktion\/schleifen-kontaktschleifen\/#primaryimage\"},\"thumbnailUrl\":\"https:\/\/www.faferi.hu\/files\/szolg_csiszolas.webp\",\"datePublished\":\"2023-10-26T08:31:03+00:00\",\"dateModified\":\"2024-02-21T14:26:33+00:00\",\"description\":\"Wenn Qualit\u00e4t auch f\u00fcr Sie wichtig ist, \u00fcberlassen Sie uns gerne die Vorbereitung der Oberfl\u00e4che f\u00fcr ein perfektes Ergebnis!\",\"breadcrumb\":{\"@id\":\"https:\/\/www.faferi.hu\/de\/produktion\/schleifen-kontaktschleifen\/#breadcrumb\"},\"inLanguage\":\"de\",\"potentialAction\":[{\"@type\":\"ReadAction\",\"target\":[\"https:\/\/www.faferi.hu\/de\/produktion\/schleifen-kontaktschleifen\/\"]}]},{\"@type\":\"ImageObject\",\"inLanguage\":\"de\",\"@id\":\"https:\/\/www.faferi.hu\/de\/produktion\/schleifen-kontaktschleifen\/#primaryimage\",\"url\":\"https:\/\/www.faferi.hu\/files\/szolg_csiszolas.webp\",\"contentUrl\":\"https:\/\/www.faferi.hu\/files\/szolg_csiszolas.webp\",\"width\":1920,\"height\":1280},{\"@type\":\"BreadcrumbList\",\"@id\":\"https:\/\/www.faferi.hu\/de\/produktion\/schleifen-kontaktschleifen\/#breadcrumb\",\"itemListElement\":[{\"@type\":\"ListItem\",\"position\":1,\"name\":\"Produktion\",\"item\":\"https:\/\/www.faferi.hu\/de\/produktion\/\"},{\"@type\":\"ListItem\",\"position\":2,\"name\":\"Schleifen, Kontaktschleifen\"}]},{\"@type\":\"WebSite\",\"@id\":\"https:\/\/www.faferi.hu\/de\/#website\",\"url\":\"https:\/\/www.faferi.hu\/de\/\",\"name\":\"Fa-feri Kft.\",\"description\":\"\",\"publisher\":{\"@id\":\"https:\/\/www.faferi.hu\/de\/#organization\"},\"potentialAction\":[{\"@type\":\"SearchAction\",\"target\":{\"@type\":\"EntryPoint\",\"urlTemplate\":\"https:\/\/www.faferi.hu\/de\/?s={search_term_string}\"},\"query-input\":{\"@type\":\"PropertyValueSpecification\",\"valueRequired\":true,\"valueName\":\"search_term_string\"}}],\"inLanguage\":\"de\"},{\"@type\":\"Organization\",\"@id\":\"https:\/\/www.faferi.hu\/de\/#organization\",\"name\":\"Fa-feri Kft.\",\"url\":\"https:\/\/www.faferi.hu\/de\/\",\"logo\":{\"@type\":\"ImageObject\",\"inLanguage\":\"de\",\"@id\":\"https:\/\/www.faferi.hu\/de\/#\/schema\/logo\/image\/\",\"url\":\"https:\/\/www.faferi.hu\/files\/fa-feri_logo.png\",\"contentUrl\":\"https:\/\/www.faferi.hu\/files\/fa-feri_logo.png\",\"width\":512,\"height\":512,\"caption\":\"Fa-feri Kft.\"},\"image\":{\"@id\":\"https:\/\/www.faferi.hu\/de\/#\/schema\/logo\/image\/\"},\"sameAs\":[\"https:\/\/www.facebook.com\/faferikft\"]}]}<\/script>\n<!-- \/ Yoast SEO plugin. -->","yoast_head_json":{"title":"Oberfl\u00e4chenvorbereitung: Schleifen, Kontaktschleifen | Fa-Feri Kft.","description":"Wenn Qualit\u00e4t auch f\u00fcr Sie wichtig ist, \u00fcberlassen Sie uns gerne die Vorbereitung der Oberfl\u00e4che f\u00fcr ein perfektes Ergebnis!","robots":{"index":"index","follow":"follow","max-snippet":"max-snippet:-1","max-image-preview":"max-image-preview:large","max-video-preview":"max-video-preview:-1"},"canonical":"https:\/\/www.faferi.hu\/de\/produktion\/schleifen-kontaktschleifen\/","og_locale":"de_DE","og_type":"article","og_title":"Oberfl\u00e4chenvorbereitung: Schleifen, Kontaktschleifen | Fa-Feri Kft.","og_description":"Wenn Qualit\u00e4t auch f\u00fcr Sie wichtig ist, \u00fcberlassen Sie uns gerne die Vorbereitung der Oberfl\u00e4che f\u00fcr ein perfektes Ergebnis!","og_url":"https:\/\/www.faferi.hu\/de\/produktion\/schleifen-kontaktschleifen\/","og_site_name":"Fa-feri Kft.","article_publisher":"https:\/\/www.facebook.com\/faferikft","article_modified_time":"2024-02-21T14:26:33+00:00","og_image":[{"width":1920,"height":1280,"url":"https:\/\/www.faferi.hu\/files\/szolg_csiszolas.webp","type":"image\/webp"}],"twitter_card":"summary_large_image","twitter_misc":{"Gesch\u00e4tzte Lesezeit":"1\u00a0Minute"},"schema":{"@context":"https:\/\/schema.org","@graph":[{"@type":"WebPage","@id":"https:\/\/www.faferi.hu\/de\/produktion\/schleifen-kontaktschleifen\/","url":"https:\/\/www.faferi.hu\/de\/produktion\/schleifen-kontaktschleifen\/","name":"Oberfl\u00e4chenvorbereitung: Schleifen, Kontaktschleifen | Fa-Feri Kft.","isPartOf":{"@id":"https:\/\/www.faferi.hu\/de\/#website"},"primaryImageOfPage":{"@id":"https:\/\/www.faferi.hu\/de\/produktion\/schleifen-kontaktschleifen\/#primaryimage"},"image":{"@id":"https:\/\/www.faferi.hu\/de\/produktion\/schleifen-kontaktschleifen\/#primaryimage"},"thumbnailUrl":"https:\/\/www.faferi.hu\/files\/szolg_csiszolas.webp","datePublished":"2023-10-26T08:31:03+00:00","dateModified":"2024-02-21T14:26:33+00:00","description":"Wenn Qualit\u00e4t auch f\u00fcr Sie wichtig ist, \u00fcberlassen Sie uns gerne die Vorbereitung der Oberfl\u00e4che f\u00fcr ein perfektes Ergebnis!","breadcrumb":{"@id":"https:\/\/www.faferi.hu\/de\/produktion\/schleifen-kontaktschleifen\/#breadcrumb"},"inLanguage":"de","potentialAction":[{"@type":"ReadAction","target":["https:\/\/www.faferi.hu\/de\/produktion\/schleifen-kontaktschleifen\/"]}]},{"@type":"ImageObject","inLanguage":"de","@id":"https:\/\/www.faferi.hu\/de\/produktion\/schleifen-kontaktschleifen\/#primaryimage","url":"https:\/\/www.faferi.hu\/files\/szolg_csiszolas.webp","contentUrl":"https:\/\/www.faferi.hu\/files\/szolg_csiszolas.webp","width":1920,"height":1280},{"@type":"BreadcrumbList","@id":"https:\/\/www.faferi.hu\/de\/produktion\/schleifen-kontaktschleifen\/#breadcrumb","itemListElement":[{"@type":"ListItem","position":1,"name":"Produktion","item":"https:\/\/www.faferi.hu\/de\/produktion\/"},{"@type":"ListItem","position":2,"name":"Schleifen, Kontaktschleifen"}]},{"@type":"WebSite","@id":"https:\/\/www.faferi.hu\/de\/#website","url":"https:\/\/www.faferi.hu\/de\/","name":"Fa-feri Kft.","description":"","publisher":{"@id":"https:\/\/www.faferi.hu\/de\/#organization"},"potentialAction":[{"@type":"SearchAction","target":{"@type":"EntryPoint","urlTemplate":"https:\/\/www.faferi.hu\/de\/?s={search_term_string}"},"query-input":{"@type":"PropertyValueSpecification","valueRequired":true,"valueName":"search_term_string"}}],"inLanguage":"de"},{"@type":"Organization","@id":"https:\/\/www.faferi.hu\/de\/#organization","name":"Fa-feri Kft.","url":"https:\/\/www.faferi.hu\/de\/","logo":{"@type":"ImageObject","inLanguage":"de","@id":"https:\/\/www.faferi.hu\/de\/#\/schema\/logo\/image\/","url":"https:\/\/www.faferi.hu\/files\/fa-feri_logo.png","contentUrl":"https:\/\/www.faferi.hu\/files\/fa-feri_logo.png","width":512,"height":512,"caption":"Fa-feri Kft."},"image":{"@id":"https:\/\/www.faferi.hu\/de\/#\/schema\/logo\/image\/"},"sameAs":["https:\/\/www.facebook.com\/faferikft"]}]}},"_links":{"self":[{"href":"https:\/\/www.faferi.hu\/de\/wp-json\/wp\/v2\/pages\/416","targetHints":{"allow":["GET"]}}],"collection":[{"href":"https:\/\/www.faferi.hu\/de\/wp-json\/wp\/v2\/pages"}],"about":[{"href":"https:\/\/www.faferi.hu\/de\/wp-json\/wp\/v2\/types\/page"}],"author":[{"embeddable":true,"href":"https:\/\/www.faferi.hu\/de\/wp-json\/wp\/v2\/users\/1"}],"replies":[{"embeddable":true,"href":"https:\/\/www.faferi.hu\/de\/wp-json\/wp\/v2\/comments?post=416"}],"version-history":[{"count":0,"href":"https:\/\/www.faferi.hu\/de\/wp-json\/wp\/v2\/pages\/416\/revisions"}],"up":[{"embeddable":true,"href":"https:\/\/www.faferi.hu\/de\/wp-json\/wp\/v2\/pages\/411"}],"wp:featuredmedia":[{"embeddable":true,"href":"https:\/\/www.faferi.hu\/de\/wp-json\/wp\/v2\/media\/206"}],"wp:attachment":[{"href":"https:\/\/www.faferi.hu\/de\/wp-json\/wp\/v2\/media?parent=416"}],"curies":[{"name":"wp","href":"https:\/\/api.w.org\/{rel}","templated":true}]}}