{"id":414,"date":"2023-10-26T10:30:43","date_gmt":"2023-10-26T08:30:43","guid":{"rendered":"https:\/\/www.faferi.hu\/?page_id=414"},"modified":"2024-02-21T15:25:29","modified_gmt":"2024-02-21T14:25:29","slug":"dekorieren-und-furnieren","status":"publish","type":"page","link":"https:\/\/www.faferi.hu\/de\/produktion\/dekorieren-und-furnieren\/","title":{"rendered":"Dekorieren und Furnieren"},"content":{"rendered":"<p>Bei der Bearbeitung von Materialien ist es oft erforderlich, Spanplatten oder M\u00f6belplatten mit verschiedenen Dekoren oder echtem Holzfurnier zu \u00fcberziehen. Dar\u00fcber hinaus kommt es regelm\u00e4\u00dfig vor, dass die scheinbare Dicke des Materials durch das Verkleben oder Doppeln der Platten oder Plattenkomponenten erh\u00f6ht werden muss.<\/p>\n<div class=\"gallery-imgs row\">\n            <div class=\"gallery-item col-sm-6 col-lg-6\">\n                    <a href=\"https:\/\/www.faferi.hu\/files\/furnerozas1.webp\">\n                        <img decoding=\"async\" src=\"https:\/\/www.faferi.hu\/files\/furnerozas1-540x360.webp\" alt=\"\" class=\"img-fluid\">\n\t\t\t\t\t\t\t\t\n                    <\/a>\n            <\/div>\n            <div class=\"gallery-item col-sm-6 col-lg-6\">\n                    <a href=\"https:\/\/www.faferi.hu\/files\/furnerozas2.webp\">\n                        <img decoding=\"async\" src=\"https:\/\/www.faferi.hu\/files\/furnerozas2-540x360.webp\" alt=\"\" class=\"img-fluid\">\n\t\t\t\t\t\t\t\t\n                    <\/a>\n            <\/div><\/div>\n<p>Bei der Dekoration wird das ausgew\u00e4hlte Dekor mit Hilfe von Hitzeeinwirkung auf die Oberfl\u00e4che aufgebracht, w\u00e4hrend der Furnierprozess durch das Verlegen der Furniere initiiert wird. Hier entsteht durch das Zusammenf\u00fcgen der Furniere das endg\u00fcltige Muster, also die vollst\u00e4ndige Furnierplatte. Die fertige Furnierplatte wird durch zus\u00e4tzliches Verkleben und Hitzeeinwirkung auf die Oberfl\u00e4che aufgebracht, anschlie\u00dfend werden mit Hilfe eines Kontaktschleifers Oberfl\u00e4chenunebenheiten entfernt, wodurch eine sch\u00f6ne, nat\u00fcrliche Furnieroberfl\u00e4che entsteht.<\/p>\n","protected":false},"excerpt":{"rendered":"<p>Bei der Bearbeitung von Materialien ist es oft erforderlich, Spanplatten oder M\u00f6belplatten mit verschiedenen Dekoren oder echtem Holzfurnier zu \u00fcberziehen. Dar\u00fcber hinaus kommt es regelm\u00e4\u00dfig vor, dass die scheinbare Dicke des Materials durch das Verkleben oder Doppeln der Platten oder Plattenkomponenten erh\u00f6ht werden muss. Bei der Dekoration wird das ausgew\u00e4hlte Dekor mit Hilfe von Hitzeeinwirkung [&hellip;]<\/p>\n","protected":false},"author":1,"featured_media":202,"parent":411,"menu_order":0,"comment_status":"closed","ping_status":"closed","template":"","meta":{"footnotes":""},"class_list":["post-414","page","type-page","status-publish","has-post-thumbnail","hentry"],"yoast_head":"<!-- This site is optimized with the Yoast SEO plugin v27.5 - https:\/\/yoast.com\/product\/yoast-seo-wordpress\/ -->\n<title>Dekoration, Furnieren: Wir garantieren Qualit\u00e4t | Fa-Feri Kft.<\/title>\n<meta name=\"description\" content=\"Bei der Bearbeitung von Materialien kann es erforderlich sein, eine Spanplatte oder M\u00f6belplatte mit verschiedenen Dekoren oder echtem Holzfurnier zu \u00fcberziehen.\" \/>\n<meta name=\"robots\" content=\"index, follow, max-snippet:-1, max-image-preview:large, max-video-preview:-1\" \/>\n<link rel=\"canonical\" href=\"https:\/\/www.faferi.hu\/de\/produktion\/dekorieren-und-furnieren\/\" \/>\n<meta property=\"og:locale\" content=\"de_DE\" \/>\n<meta property=\"og:type\" content=\"article\" \/>\n<meta property=\"og:title\" content=\"Dekoration, Furnieren: Wir garantieren Qualit\u00e4t | Fa-Feri Kft.\" \/>\n<meta property=\"og:description\" content=\"Bei der Bearbeitung von Materialien kann es erforderlich sein, eine Spanplatte oder M\u00f6belplatte mit verschiedenen Dekoren oder echtem Holzfurnier zu \u00fcberziehen.\" \/>\n<meta property=\"og:url\" content=\"https:\/\/www.faferi.hu\/de\/produktion\/dekorieren-und-furnieren\/\" \/>\n<meta property=\"og:site_name\" content=\"Fa-feri Kft.\" \/>\n<meta property=\"article:publisher\" content=\"https:\/\/www.facebook.com\/faferikft\" \/>\n<meta property=\"article:modified_time\" content=\"2024-02-21T14:25:29+00:00\" \/>\n<meta property=\"og:image\" content=\"https:\/\/www.faferi.hu\/files\/szolg_lapszabaszatelzaras1.webp\" \/>\n\t<meta property=\"og:image:width\" content=\"1920\" \/>\n\t<meta property=\"og:image:height\" content=\"1280\" \/>\n\t<meta property=\"og:image:type\" content=\"image\/webp\" \/>\n<meta name=\"twitter:card\" content=\"summary_large_image\" \/>\n<meta name=\"twitter:label1\" content=\"Gesch\u00e4tzte Lesezeit\" \/>\n\t<meta name=\"twitter:data1\" content=\"1\u00a0Minute\" \/>\n<script type=\"application\/ld+json\" class=\"yoast-schema-graph\">{\"@context\":\"https:\\\/\\\/schema.org\",\"@graph\":[{\"@type\":\"WebPage\",\"@id\":\"https:\\\/\\\/www.faferi.hu\\\/de\\\/produktion\\\/dekorieren-und-furnieren\\\/\",\"url\":\"https:\\\/\\\/www.faferi.hu\\\/de\\\/produktion\\\/dekorieren-und-furnieren\\\/\",\"name\":\"Dekoration, Furnieren: Wir garantieren Qualit\u00e4t | Fa-Feri Kft.\",\"isPartOf\":{\"@id\":\"https:\\\/\\\/www.faferi.hu\\\/de\\\/#website\"},\"primaryImageOfPage\":{\"@id\":\"https:\\\/\\\/www.faferi.hu\\\/de\\\/produktion\\\/dekorieren-und-furnieren\\\/#primaryimage\"},\"image\":{\"@id\":\"https:\\\/\\\/www.faferi.hu\\\/de\\\/produktion\\\/dekorieren-und-furnieren\\\/#primaryimage\"},\"thumbnailUrl\":\"https:\\\/\\\/www.faferi.hu\\\/files\\\/szolg_lapszabaszatelzaras1.webp\",\"datePublished\":\"2023-10-26T08:30:43+00:00\",\"dateModified\":\"2024-02-21T14:25:29+00:00\",\"description\":\"Bei der Bearbeitung von Materialien kann es erforderlich sein, eine Spanplatte oder M\u00f6belplatte mit verschiedenen Dekoren oder echtem Holzfurnier zu \u00fcberziehen.\",\"breadcrumb\":{\"@id\":\"https:\\\/\\\/www.faferi.hu\\\/de\\\/produktion\\\/dekorieren-und-furnieren\\\/#breadcrumb\"},\"inLanguage\":\"de\",\"potentialAction\":[{\"@type\":\"ReadAction\",\"target\":[\"https:\\\/\\\/www.faferi.hu\\\/de\\\/produktion\\\/dekorieren-und-furnieren\\\/\"]}]},{\"@type\":\"ImageObject\",\"inLanguage\":\"de\",\"@id\":\"https:\\\/\\\/www.faferi.hu\\\/de\\\/produktion\\\/dekorieren-und-furnieren\\\/#primaryimage\",\"url\":\"https:\\\/\\\/www.faferi.hu\\\/files\\\/szolg_lapszabaszatelzaras1.webp\",\"contentUrl\":\"https:\\\/\\\/www.faferi.hu\\\/files\\\/szolg_lapszabaszatelzaras1.webp\",\"width\":1920,\"height\":1280},{\"@type\":\"BreadcrumbList\",\"@id\":\"https:\\\/\\\/www.faferi.hu\\\/de\\\/produktion\\\/dekorieren-und-furnieren\\\/#breadcrumb\",\"itemListElement\":[{\"@type\":\"ListItem\",\"position\":1,\"name\":\"Produktion\",\"item\":\"https:\\\/\\\/www.faferi.hu\\\/de\\\/produktion\\\/\"},{\"@type\":\"ListItem\",\"position\":2,\"name\":\"Dekorieren und Furnieren\"}]},{\"@type\":\"WebSite\",\"@id\":\"https:\\\/\\\/www.faferi.hu\\\/de\\\/#website\",\"url\":\"https:\\\/\\\/www.faferi.hu\\\/de\\\/\",\"name\":\"Fa-feri Kft.\",\"description\":\"\",\"publisher\":{\"@id\":\"https:\\\/\\\/www.faferi.hu\\\/de\\\/#organization\"},\"potentialAction\":[{\"@type\":\"SearchAction\",\"target\":{\"@type\":\"EntryPoint\",\"urlTemplate\":\"https:\\\/\\\/www.faferi.hu\\\/de\\\/?s={search_term_string}\"},\"query-input\":{\"@type\":\"PropertyValueSpecification\",\"valueRequired\":true,\"valueName\":\"search_term_string\"}}],\"inLanguage\":\"de\"},{\"@type\":\"Organization\",\"@id\":\"https:\\\/\\\/www.faferi.hu\\\/de\\\/#organization\",\"name\":\"Fa-feri Kft.\",\"url\":\"https:\\\/\\\/www.faferi.hu\\\/de\\\/\",\"logo\":{\"@type\":\"ImageObject\",\"inLanguage\":\"de\",\"@id\":\"https:\\\/\\\/www.faferi.hu\\\/de\\\/#\\\/schema\\\/logo\\\/image\\\/\",\"url\":\"https:\\\/\\\/www.faferi.hu\\\/files\\\/fa-feri_logo.png\",\"contentUrl\":\"https:\\\/\\\/www.faferi.hu\\\/files\\\/fa-feri_logo.png\",\"width\":512,\"height\":512,\"caption\":\"Fa-feri Kft.\"},\"image\":{\"@id\":\"https:\\\/\\\/www.faferi.hu\\\/de\\\/#\\\/schema\\\/logo\\\/image\\\/\"},\"sameAs\":[\"https:\\\/\\\/www.facebook.com\\\/faferikft\"]}]}<\/script>\n<!-- \/ Yoast SEO plugin. -->","yoast_head_json":{"title":"Dekoration, Furnieren: Wir garantieren Qualit\u00e4t | Fa-Feri Kft.","description":"Bei der Bearbeitung von Materialien kann es erforderlich sein, eine Spanplatte oder M\u00f6belplatte mit verschiedenen Dekoren oder echtem Holzfurnier zu \u00fcberziehen.","robots":{"index":"index","follow":"follow","max-snippet":"max-snippet:-1","max-image-preview":"max-image-preview:large","max-video-preview":"max-video-preview:-1"},"canonical":"https:\/\/www.faferi.hu\/de\/produktion\/dekorieren-und-furnieren\/","og_locale":"de_DE","og_type":"article","og_title":"Dekoration, Furnieren: Wir garantieren Qualit\u00e4t | Fa-Feri Kft.","og_description":"Bei der Bearbeitung von Materialien kann es erforderlich sein, eine Spanplatte oder M\u00f6belplatte mit verschiedenen Dekoren oder echtem Holzfurnier zu \u00fcberziehen.","og_url":"https:\/\/www.faferi.hu\/de\/produktion\/dekorieren-und-furnieren\/","og_site_name":"Fa-feri Kft.","article_publisher":"https:\/\/www.facebook.com\/faferikft","article_modified_time":"2024-02-21T14:25:29+00:00","og_image":[{"width":1920,"height":1280,"url":"https:\/\/www.faferi.hu\/files\/szolg_lapszabaszatelzaras1.webp","type":"image\/webp"}],"twitter_card":"summary_large_image","twitter_misc":{"Gesch\u00e4tzte Lesezeit":"1\u00a0Minute"},"schema":{"@context":"https:\/\/schema.org","@graph":[{"@type":"WebPage","@id":"https:\/\/www.faferi.hu\/de\/produktion\/dekorieren-und-furnieren\/","url":"https:\/\/www.faferi.hu\/de\/produktion\/dekorieren-und-furnieren\/","name":"Dekoration, Furnieren: Wir garantieren Qualit\u00e4t | Fa-Feri Kft.","isPartOf":{"@id":"https:\/\/www.faferi.hu\/de\/#website"},"primaryImageOfPage":{"@id":"https:\/\/www.faferi.hu\/de\/produktion\/dekorieren-und-furnieren\/#primaryimage"},"image":{"@id":"https:\/\/www.faferi.hu\/de\/produktion\/dekorieren-und-furnieren\/#primaryimage"},"thumbnailUrl":"https:\/\/www.faferi.hu\/files\/szolg_lapszabaszatelzaras1.webp","datePublished":"2023-10-26T08:30:43+00:00","dateModified":"2024-02-21T14:25:29+00:00","description":"Bei der Bearbeitung von Materialien kann es erforderlich sein, eine Spanplatte oder M\u00f6belplatte mit verschiedenen Dekoren oder echtem Holzfurnier zu \u00fcberziehen.","breadcrumb":{"@id":"https:\/\/www.faferi.hu\/de\/produktion\/dekorieren-und-furnieren\/#breadcrumb"},"inLanguage":"de","potentialAction":[{"@type":"ReadAction","target":["https:\/\/www.faferi.hu\/de\/produktion\/dekorieren-und-furnieren\/"]}]},{"@type":"ImageObject","inLanguage":"de","@id":"https:\/\/www.faferi.hu\/de\/produktion\/dekorieren-und-furnieren\/#primaryimage","url":"https:\/\/www.faferi.hu\/files\/szolg_lapszabaszatelzaras1.webp","contentUrl":"https:\/\/www.faferi.hu\/files\/szolg_lapszabaszatelzaras1.webp","width":1920,"height":1280},{"@type":"BreadcrumbList","@id":"https:\/\/www.faferi.hu\/de\/produktion\/dekorieren-und-furnieren\/#breadcrumb","itemListElement":[{"@type":"ListItem","position":1,"name":"Produktion","item":"https:\/\/www.faferi.hu\/de\/produktion\/"},{"@type":"ListItem","position":2,"name":"Dekorieren und Furnieren"}]},{"@type":"WebSite","@id":"https:\/\/www.faferi.hu\/de\/#website","url":"https:\/\/www.faferi.hu\/de\/","name":"Fa-feri Kft.","description":"","publisher":{"@id":"https:\/\/www.faferi.hu\/de\/#organization"},"potentialAction":[{"@type":"SearchAction","target":{"@type":"EntryPoint","urlTemplate":"https:\/\/www.faferi.hu\/de\/?s={search_term_string}"},"query-input":{"@type":"PropertyValueSpecification","valueRequired":true,"valueName":"search_term_string"}}],"inLanguage":"de"},{"@type":"Organization","@id":"https:\/\/www.faferi.hu\/de\/#organization","name":"Fa-feri Kft.","url":"https:\/\/www.faferi.hu\/de\/","logo":{"@type":"ImageObject","inLanguage":"de","@id":"https:\/\/www.faferi.hu\/de\/#\/schema\/logo\/image\/","url":"https:\/\/www.faferi.hu\/files\/fa-feri_logo.png","contentUrl":"https:\/\/www.faferi.hu\/files\/fa-feri_logo.png","width":512,"height":512,"caption":"Fa-feri Kft."},"image":{"@id":"https:\/\/www.faferi.hu\/de\/#\/schema\/logo\/image\/"},"sameAs":["https:\/\/www.facebook.com\/faferikft"]}]}},"_links":{"self":[{"href":"https:\/\/www.faferi.hu\/de\/wp-json\/wp\/v2\/pages\/414","targetHints":{"allow":["GET"]}}],"collection":[{"href":"https:\/\/www.faferi.hu\/de\/wp-json\/wp\/v2\/pages"}],"about":[{"href":"https:\/\/www.faferi.hu\/de\/wp-json\/wp\/v2\/types\/page"}],"author":[{"embeddable":true,"href":"https:\/\/www.faferi.hu\/de\/wp-json\/wp\/v2\/users\/1"}],"replies":[{"embeddable":true,"href":"https:\/\/www.faferi.hu\/de\/wp-json\/wp\/v2\/comments?post=414"}],"version-history":[{"count":0,"href":"https:\/\/www.faferi.hu\/de\/wp-json\/wp\/v2\/pages\/414\/revisions"}],"up":[{"embeddable":true,"href":"https:\/\/www.faferi.hu\/de\/wp-json\/wp\/v2\/pages\/411"}],"wp:featuredmedia":[{"embeddable":true,"href":"https:\/\/www.faferi.hu\/de\/wp-json\/wp\/v2\/media\/202"}],"wp:attachment":[{"href":"https:\/\/www.faferi.hu\/de\/wp-json\/wp\/v2\/media?parent=414"}],"curies":[{"name":"wp","href":"https:\/\/api.w.org\/{rel}","templated":true}]}}