{"id":413,"date":"2023-10-26T10:30:29","date_gmt":"2023-10-26T08:30:29","guid":{"rendered":"https:\/\/www.faferi.hu\/?page_id=413"},"modified":"2024-02-21T15:24:50","modified_gmt":"2024-02-21T14:24:50","slug":"zuschnitt-und-kantenverarbeitung","status":"publish","type":"page","link":"https:\/\/www.faferi.hu\/de\/produktion\/zuschnitt-und-kantenverarbeitung\/","title":{"rendered":"Zuschnitt und Kantenverarbeitung"},"content":{"rendered":"<p>Die von uns verwendete Technologie garantiert genaue und pr\u00e4zise Ergebnisse, die es den Tischlern erm\u00f6glichen, genau ausgearbeitete und geplante M\u00f6bel herzustellen. Ob es sich um individuelle Projekte oder die Verarbeitung gr\u00f6\u00dferer Mengen von M\u00f6belplatten handelt, wir sind bestrebt, die Tischler zu unterst\u00fctzen und die Wirksamkeit der hochwertigen Arbeit sicherzustellen. Bei der Kantenumleimung verwenden wir Feuchtigkeitsbest\u00e4ndigen Polyurethan-Klebstoff, der einen h\u00f6heren Schutz vor Feuchtigkeit bietet.<\/p>\n<div class=\"gallery-imgs row\">\n            <div class=\"gallery-item col-sm-6 col-lg-4\">\n                    <a href=\"https:\/\/www.faferi.hu\/files\/szolg_lapszabaszatelzaras1.webp\">\n                        <img decoding=\"async\" src=\"https:\/\/www.faferi.hu\/files\/szolg_lapszabaszatelzaras1-540x360.webp\" alt=\"\" class=\"img-fluid\">\n\t\t\t\t\t\t\t\t\n                    <\/a>\n            <\/div>\n            <div class=\"gallery-item col-sm-6 col-lg-4\">\n                    <a href=\"https:\/\/www.faferi.hu\/files\/szolg_lapszabaszatelzar2.webp\">\n                        <img decoding=\"async\" src=\"https:\/\/www.faferi.hu\/files\/szolg_lapszabaszatelzar2-540x360.webp\" alt=\"\" class=\"img-fluid\">\n\t\t\t\t\t\t\t\t\n                    <\/a>\n            <\/div>\n            <div class=\"gallery-item col-sm-6 col-lg-4\">\n                    <a href=\"https:\/\/www.faferi.hu\/files\/szolg_lapszabaszatelzar3.webp\">\n                        <img decoding=\"async\" src=\"https:\/\/www.faferi.hu\/files\/szolg_lapszabaszatelzar3-540x360.webp\" alt=\"\" class=\"img-fluid\">\n\t\t\t\t\t\t\t\t\n                    <\/a>\n            <\/div><\/div>\n","protected":false},"excerpt":{"rendered":"<p>Die von uns verwendete Technologie garantiert genaue und pr\u00e4zise Ergebnisse, die es den Tischlern erm\u00f6glichen, genau ausgearbeitete und geplante M\u00f6bel herzustellen. Ob es sich um individuelle Projekte oder die Verarbeitung gr\u00f6\u00dferer Mengen von M\u00f6belplatten handelt, wir sind bestrebt, die Tischler zu unterst\u00fctzen und die Wirksamkeit der hochwertigen Arbeit sicherzustellen. Bei der Kantenumleimung verwenden wir Feuchtigkeitsbest\u00e4ndigen [&hellip;]<\/p>\n","protected":false},"author":1,"featured_media":202,"parent":411,"menu_order":0,"comment_status":"closed","ping_status":"closed","template":"","meta":{"footnotes":""},"class_list":["post-413","page","type-page","status-publish","has-post-thumbnail","hentry"],"yoast_head":"<!-- This site is optimized with the Yoast SEO plugin v26.7 - https:\/\/yoast.com\/wordpress\/plugins\/seo\/ -->\n<title>Schnitt mit h\u00f6chster Pr\u00e4zisionstechnologie, Kantenveredelung | Fa-Feri Kft.<\/title>\n<meta name=\"description\" content=\"Unsere Schneidetechnologie liefert pr\u00e4zise und genaue Ergebnisse, w\u00e4hrend die PU-Kantenversiegelung Langlebigkeit garantiert. Bestellen Sie bei uns das Material f\u00fcr Ihre Tischlerarbeiten!\" \/>\n<meta name=\"robots\" content=\"index, follow, max-snippet:-1, max-image-preview:large, max-video-preview:-1\" \/>\n<link rel=\"canonical\" href=\"https:\/\/www.faferi.hu\/de\/produktion\/zuschnitt-und-kantenverarbeitung\/\" \/>\n<meta property=\"og:locale\" content=\"de_DE\" \/>\n<meta property=\"og:type\" content=\"article\" \/>\n<meta property=\"og:title\" content=\"Schnitt mit h\u00f6chster Pr\u00e4zisionstechnologie, Kantenveredelung | Fa-Feri Kft.\" \/>\n<meta property=\"og:description\" content=\"Unsere Schneidetechnologie liefert pr\u00e4zise und genaue Ergebnisse, w\u00e4hrend die PU-Kantenversiegelung Langlebigkeit garantiert. Bestellen Sie bei uns das Material f\u00fcr Ihre Tischlerarbeiten!\" \/>\n<meta property=\"og:url\" content=\"https:\/\/www.faferi.hu\/de\/produktion\/zuschnitt-und-kantenverarbeitung\/\" \/>\n<meta property=\"og:site_name\" content=\"Fa-feri Kft.\" \/>\n<meta property=\"article:publisher\" content=\"https:\/\/www.facebook.com\/faferikft\" \/>\n<meta property=\"article:modified_time\" content=\"2024-02-21T14:24:50+00:00\" \/>\n<meta property=\"og:image\" content=\"https:\/\/www.faferi.hu\/files\/szolg_lapszabaszatelzaras1.webp\" \/>\n\t<meta property=\"og:image:width\" content=\"1920\" \/>\n\t<meta property=\"og:image:height\" content=\"1280\" \/>\n\t<meta property=\"og:image:type\" content=\"image\/webp\" \/>\n<meta name=\"twitter:card\" content=\"summary_large_image\" \/>\n<meta name=\"twitter:label1\" content=\"Gesch\u00e4tzte Lesezeit\" \/>\n\t<meta name=\"twitter:data1\" content=\"1\u00a0Minute\" \/>\n<script type=\"application\/ld+json\" class=\"yoast-schema-graph\">{\"@context\":\"https:\/\/schema.org\",\"@graph\":[{\"@type\":\"WebPage\",\"@id\":\"https:\/\/www.faferi.hu\/de\/produktion\/zuschnitt-und-kantenverarbeitung\/\",\"url\":\"https:\/\/www.faferi.hu\/de\/produktion\/zuschnitt-und-kantenverarbeitung\/\",\"name\":\"Schnitt mit h\u00f6chster Pr\u00e4zisionstechnologie, Kantenveredelung | Fa-Feri Kft.\",\"isPartOf\":{\"@id\":\"https:\/\/www.faferi.hu\/de\/#website\"},\"primaryImageOfPage\":{\"@id\":\"https:\/\/www.faferi.hu\/de\/produktion\/zuschnitt-und-kantenverarbeitung\/#primaryimage\"},\"image\":{\"@id\":\"https:\/\/www.faferi.hu\/de\/produktion\/zuschnitt-und-kantenverarbeitung\/#primaryimage\"},\"thumbnailUrl\":\"https:\/\/www.faferi.hu\/files\/szolg_lapszabaszatelzaras1.webp\",\"datePublished\":\"2023-10-26T08:30:29+00:00\",\"dateModified\":\"2024-02-21T14:24:50+00:00\",\"description\":\"Unsere Schneidetechnologie liefert pr\u00e4zise und genaue Ergebnisse, w\u00e4hrend die PU-Kantenversiegelung Langlebigkeit garantiert. Bestellen Sie bei uns das Material f\u00fcr Ihre Tischlerarbeiten!\",\"breadcrumb\":{\"@id\":\"https:\/\/www.faferi.hu\/de\/produktion\/zuschnitt-und-kantenverarbeitung\/#breadcrumb\"},\"inLanguage\":\"de\",\"potentialAction\":[{\"@type\":\"ReadAction\",\"target\":[\"https:\/\/www.faferi.hu\/de\/produktion\/zuschnitt-und-kantenverarbeitung\/\"]}]},{\"@type\":\"ImageObject\",\"inLanguage\":\"de\",\"@id\":\"https:\/\/www.faferi.hu\/de\/produktion\/zuschnitt-und-kantenverarbeitung\/#primaryimage\",\"url\":\"https:\/\/www.faferi.hu\/files\/szolg_lapszabaszatelzaras1.webp\",\"contentUrl\":\"https:\/\/www.faferi.hu\/files\/szolg_lapszabaszatelzaras1.webp\",\"width\":1920,\"height\":1280},{\"@type\":\"BreadcrumbList\",\"@id\":\"https:\/\/www.faferi.hu\/de\/produktion\/zuschnitt-und-kantenverarbeitung\/#breadcrumb\",\"itemListElement\":[{\"@type\":\"ListItem\",\"position\":1,\"name\":\"Produktion\",\"item\":\"https:\/\/www.faferi.hu\/de\/produktion\/\"},{\"@type\":\"ListItem\",\"position\":2,\"name\":\"Zuschnitt und Kantenverarbeitung\"}]},{\"@type\":\"WebSite\",\"@id\":\"https:\/\/www.faferi.hu\/de\/#website\",\"url\":\"https:\/\/www.faferi.hu\/de\/\",\"name\":\"Fa-feri Kft.\",\"description\":\"\",\"publisher\":{\"@id\":\"https:\/\/www.faferi.hu\/de\/#organization\"},\"potentialAction\":[{\"@type\":\"SearchAction\",\"target\":{\"@type\":\"EntryPoint\",\"urlTemplate\":\"https:\/\/www.faferi.hu\/de\/?s={search_term_string}\"},\"query-input\":{\"@type\":\"PropertyValueSpecification\",\"valueRequired\":true,\"valueName\":\"search_term_string\"}}],\"inLanguage\":\"de\"},{\"@type\":\"Organization\",\"@id\":\"https:\/\/www.faferi.hu\/de\/#organization\",\"name\":\"Fa-feri Kft.\",\"url\":\"https:\/\/www.faferi.hu\/de\/\",\"logo\":{\"@type\":\"ImageObject\",\"inLanguage\":\"de\",\"@id\":\"https:\/\/www.faferi.hu\/de\/#\/schema\/logo\/image\/\",\"url\":\"https:\/\/www.faferi.hu\/files\/fa-feri_logo.png\",\"contentUrl\":\"https:\/\/www.faferi.hu\/files\/fa-feri_logo.png\",\"width\":512,\"height\":512,\"caption\":\"Fa-feri Kft.\"},\"image\":{\"@id\":\"https:\/\/www.faferi.hu\/de\/#\/schema\/logo\/image\/\"},\"sameAs\":[\"https:\/\/www.facebook.com\/faferikft\"]}]}<\/script>\n<!-- \/ Yoast SEO plugin. -->","yoast_head_json":{"title":"Schnitt mit h\u00f6chster Pr\u00e4zisionstechnologie, Kantenveredelung | Fa-Feri Kft.","description":"Unsere Schneidetechnologie liefert pr\u00e4zise und genaue Ergebnisse, w\u00e4hrend die PU-Kantenversiegelung Langlebigkeit garantiert. Bestellen Sie bei uns das Material f\u00fcr Ihre Tischlerarbeiten!","robots":{"index":"index","follow":"follow","max-snippet":"max-snippet:-1","max-image-preview":"max-image-preview:large","max-video-preview":"max-video-preview:-1"},"canonical":"https:\/\/www.faferi.hu\/de\/produktion\/zuschnitt-und-kantenverarbeitung\/","og_locale":"de_DE","og_type":"article","og_title":"Schnitt mit h\u00f6chster Pr\u00e4zisionstechnologie, Kantenveredelung | Fa-Feri Kft.","og_description":"Unsere Schneidetechnologie liefert pr\u00e4zise und genaue Ergebnisse, w\u00e4hrend die PU-Kantenversiegelung Langlebigkeit garantiert. Bestellen Sie bei uns das Material f\u00fcr Ihre Tischlerarbeiten!","og_url":"https:\/\/www.faferi.hu\/de\/produktion\/zuschnitt-und-kantenverarbeitung\/","og_site_name":"Fa-feri Kft.","article_publisher":"https:\/\/www.facebook.com\/faferikft","article_modified_time":"2024-02-21T14:24:50+00:00","og_image":[{"width":1920,"height":1280,"url":"https:\/\/www.faferi.hu\/files\/szolg_lapszabaszatelzaras1.webp","type":"image\/webp"}],"twitter_card":"summary_large_image","twitter_misc":{"Gesch\u00e4tzte Lesezeit":"1\u00a0Minute"},"schema":{"@context":"https:\/\/schema.org","@graph":[{"@type":"WebPage","@id":"https:\/\/www.faferi.hu\/de\/produktion\/zuschnitt-und-kantenverarbeitung\/","url":"https:\/\/www.faferi.hu\/de\/produktion\/zuschnitt-und-kantenverarbeitung\/","name":"Schnitt mit h\u00f6chster Pr\u00e4zisionstechnologie, Kantenveredelung | Fa-Feri Kft.","isPartOf":{"@id":"https:\/\/www.faferi.hu\/de\/#website"},"primaryImageOfPage":{"@id":"https:\/\/www.faferi.hu\/de\/produktion\/zuschnitt-und-kantenverarbeitung\/#primaryimage"},"image":{"@id":"https:\/\/www.faferi.hu\/de\/produktion\/zuschnitt-und-kantenverarbeitung\/#primaryimage"},"thumbnailUrl":"https:\/\/www.faferi.hu\/files\/szolg_lapszabaszatelzaras1.webp","datePublished":"2023-10-26T08:30:29+00:00","dateModified":"2024-02-21T14:24:50+00:00","description":"Unsere Schneidetechnologie liefert pr\u00e4zise und genaue Ergebnisse, w\u00e4hrend die PU-Kantenversiegelung Langlebigkeit garantiert. Bestellen Sie bei uns das Material f\u00fcr Ihre Tischlerarbeiten!","breadcrumb":{"@id":"https:\/\/www.faferi.hu\/de\/produktion\/zuschnitt-und-kantenverarbeitung\/#breadcrumb"},"inLanguage":"de","potentialAction":[{"@type":"ReadAction","target":["https:\/\/www.faferi.hu\/de\/produktion\/zuschnitt-und-kantenverarbeitung\/"]}]},{"@type":"ImageObject","inLanguage":"de","@id":"https:\/\/www.faferi.hu\/de\/produktion\/zuschnitt-und-kantenverarbeitung\/#primaryimage","url":"https:\/\/www.faferi.hu\/files\/szolg_lapszabaszatelzaras1.webp","contentUrl":"https:\/\/www.faferi.hu\/files\/szolg_lapszabaszatelzaras1.webp","width":1920,"height":1280},{"@type":"BreadcrumbList","@id":"https:\/\/www.faferi.hu\/de\/produktion\/zuschnitt-und-kantenverarbeitung\/#breadcrumb","itemListElement":[{"@type":"ListItem","position":1,"name":"Produktion","item":"https:\/\/www.faferi.hu\/de\/produktion\/"},{"@type":"ListItem","position":2,"name":"Zuschnitt und Kantenverarbeitung"}]},{"@type":"WebSite","@id":"https:\/\/www.faferi.hu\/de\/#website","url":"https:\/\/www.faferi.hu\/de\/","name":"Fa-feri Kft.","description":"","publisher":{"@id":"https:\/\/www.faferi.hu\/de\/#organization"},"potentialAction":[{"@type":"SearchAction","target":{"@type":"EntryPoint","urlTemplate":"https:\/\/www.faferi.hu\/de\/?s={search_term_string}"},"query-input":{"@type":"PropertyValueSpecification","valueRequired":true,"valueName":"search_term_string"}}],"inLanguage":"de"},{"@type":"Organization","@id":"https:\/\/www.faferi.hu\/de\/#organization","name":"Fa-feri Kft.","url":"https:\/\/www.faferi.hu\/de\/","logo":{"@type":"ImageObject","inLanguage":"de","@id":"https:\/\/www.faferi.hu\/de\/#\/schema\/logo\/image\/","url":"https:\/\/www.faferi.hu\/files\/fa-feri_logo.png","contentUrl":"https:\/\/www.faferi.hu\/files\/fa-feri_logo.png","width":512,"height":512,"caption":"Fa-feri Kft."},"image":{"@id":"https:\/\/www.faferi.hu\/de\/#\/schema\/logo\/image\/"},"sameAs":["https:\/\/www.facebook.com\/faferikft"]}]}},"_links":{"self":[{"href":"https:\/\/www.faferi.hu\/de\/wp-json\/wp\/v2\/pages\/413","targetHints":{"allow":["GET"]}}],"collection":[{"href":"https:\/\/www.faferi.hu\/de\/wp-json\/wp\/v2\/pages"}],"about":[{"href":"https:\/\/www.faferi.hu\/de\/wp-json\/wp\/v2\/types\/page"}],"author":[{"embeddable":true,"href":"https:\/\/www.faferi.hu\/de\/wp-json\/wp\/v2\/users\/1"}],"replies":[{"embeddable":true,"href":"https:\/\/www.faferi.hu\/de\/wp-json\/wp\/v2\/comments?post=413"}],"version-history":[{"count":0,"href":"https:\/\/www.faferi.hu\/de\/wp-json\/wp\/v2\/pages\/413\/revisions"}],"up":[{"embeddable":true,"href":"https:\/\/www.faferi.hu\/de\/wp-json\/wp\/v2\/pages\/411"}],"wp:featuredmedia":[{"embeddable":true,"href":"https:\/\/www.faferi.hu\/de\/wp-json\/wp\/v2\/media\/202"}],"wp:attachment":[{"href":"https:\/\/www.faferi.hu\/de\/wp-json\/wp\/v2\/media?parent=413"}],"curies":[{"name":"wp","href":"https:\/\/api.w.org\/{rel}","templated":true}]}}