{"id":402,"date":"2023-12-06T16:52:42","date_gmt":"2023-12-06T15:52:42","guid":{"rendered":"https:\/\/www.faferi.hu\/?page_id=402"},"modified":"2024-02-21T15:22:40","modified_gmt":"2024-02-21T14:22:40","slug":"nett-front","status":"publish","type":"page","link":"https:\/\/www.faferi.hu\/de\/einzelhandel-und-grosshandel\/nett-front\/","title":{"rendered":"Nett-Front"},"content":{"rendered":"<p>Die Nett Front Kft. ist ein inl\u00e4ndischer Hersteller von Fronten, der sich ausschlie\u00dflich auf die Herstellung von M\u00f6belfronten spezialisiert hat, die mit neuester Technologie hergestellt werden.<\/p>\n<p><img loading=\"lazy\" decoding=\"async\" class=\"alignnone size-full wp-image-152\" src=\"https:\/\/www.faferi.hu\/files\/nettfrontpic.webp\" alt=\"\" width=\"1920\" height=\"600\" srcset=\"https:\/\/www.faferi.hu\/files\/nettfrontpic.webp 1920w, https:\/\/www.faferi.hu\/files\/nettfrontpic-900x281.webp 900w, https:\/\/www.faferi.hu\/files\/nettfrontpic-768x240.webp 768w, https:\/\/www.faferi.hu\/files\/nettfrontpic-1536x480.webp 1536w\" sizes=\"auto, (max-width: 1920px) 100vw, 1920px\" \/><\/p>\n<p>Zu ihren Produkten geh\u00f6ren hochwertige M\u00f6belt\u00fcren, 3D-folierte M\u00f6belt\u00fcren, Acryl-lackierte und mattierte T\u00fcrbl\u00e4tter, Zubeh\u00f6r (Sockel- und Lichtleisten) sowie Aluminium-T\u00fcrprofilrahmen.<\/p>\n<p><img loading=\"lazy\" decoding=\"async\" class=\"aligncenter size-full wp-image-153\" src=\"https:\/\/www.faferi.hu\/files\/logo_nettfront.png\" alt=\"\" width=\"128\" height=\"56\" \/><\/p>\n<p>&nbsp;<\/p>\n","protected":false},"excerpt":{"rendered":"<p>Die Nett Front Kft. ist ein inl\u00e4ndischer Hersteller von Fronten, der sich ausschlie\u00dflich auf die Herstellung von M\u00f6belfronten spezialisiert hat, die mit neuester Technologie hergestellt werden. Zu ihren Produkten geh\u00f6ren hochwertige M\u00f6belt\u00fcren, 3D-folierte M\u00f6belt\u00fcren, Acryl-lackierte und mattierte T\u00fcrbl\u00e4tter, Zubeh\u00f6r (Sockel- und Lichtleisten) sowie Aluminium-T\u00fcrprofilrahmen. &nbsp;<\/p>\n","protected":false},"author":1,"featured_media":276,"parent":370,"menu_order":0,"comment_status":"closed","ping_status":"closed","template":"","meta":{"footnotes":""},"class_list":["post-402","page","type-page","status-publish","has-post-thumbnail","hentry"],"yoast_head":"<!-- This site is optimized with the Yoast SEO plugin v27.5 - https:\/\/yoast.com\/product\/yoast-seo-wordpress\/ -->\n<title>Hochwertige Nett-Front M\u00f6belt\u00fcren, T\u00fcrbl\u00e4tter und Zubeh\u00f6r | Fa-Feri Kft.<\/title>\n<meta name=\"description\" content=\"Suchen Sie in unserem Sortiment nach den hochwertigen M\u00f6belt\u00fcren, T\u00fcrbl\u00e4ttern, Zubeh\u00f6rteilen und T\u00fcrumrahmungsprofilen des auf die Herstellung von M\u00f6belfronten spezialisierten Unternehmens Nett Front.\" \/>\n<meta name=\"robots\" content=\"index, follow, max-snippet:-1, max-image-preview:large, max-video-preview:-1\" \/>\n<link rel=\"canonical\" href=\"https:\/\/www.faferi.hu\/de\/einzelhandel-und-grosshandel\/nett-front\/\" \/>\n<meta property=\"og:locale\" content=\"de_DE\" \/>\n<meta property=\"og:type\" content=\"article\" \/>\n<meta property=\"og:title\" content=\"Hochwertige Nett-Front M\u00f6belt\u00fcren, T\u00fcrbl\u00e4tter und Zubeh\u00f6r | Fa-Feri Kft.\" \/>\n<meta property=\"og:description\" content=\"Suchen Sie in unserem Sortiment nach den hochwertigen M\u00f6belt\u00fcren, T\u00fcrbl\u00e4ttern, Zubeh\u00f6rteilen und T\u00fcrumrahmungsprofilen des auf die Herstellung von M\u00f6belfronten spezialisierten Unternehmens Nett Front.\" \/>\n<meta property=\"og:url\" content=\"https:\/\/www.faferi.hu\/de\/einzelhandel-und-grosshandel\/nett-front\/\" \/>\n<meta property=\"og:site_name\" content=\"Fa-feri Kft.\" \/>\n<meta property=\"article:publisher\" content=\"https:\/\/www.facebook.com\/faferikft\" \/>\n<meta property=\"article:modified_time\" content=\"2024-02-21T14:22:40+00:00\" \/>\n<meta property=\"og:image\" content=\"https:\/\/www.faferi.hu\/files\/nettfrontpic.webp\" \/>\n\t<meta property=\"og:image:width\" content=\"1920\" \/>\n\t<meta property=\"og:image:height\" content=\"600\" \/>\n\t<meta property=\"og:image:type\" content=\"image\/webp\" \/>\n<meta name=\"twitter:card\" content=\"summary_large_image\" \/>\n<meta name=\"twitter:label1\" content=\"Gesch\u00e4tzte Lesezeit\" \/>\n\t<meta name=\"twitter:data1\" content=\"1\u00a0Minute\" \/>\n<script type=\"application\/ld+json\" class=\"yoast-schema-graph\">{\"@context\":\"https:\\\/\\\/schema.org\",\"@graph\":[{\"@type\":\"WebPage\",\"@id\":\"https:\\\/\\\/www.faferi.hu\\\/de\\\/einzelhandel-und-grosshandel\\\/nett-front\\\/\",\"url\":\"https:\\\/\\\/www.faferi.hu\\\/de\\\/einzelhandel-und-grosshandel\\\/nett-front\\\/\",\"name\":\"Hochwertige Nett-Front M\u00f6belt\u00fcren, T\u00fcrbl\u00e4tter und Zubeh\u00f6r | Fa-Feri Kft.\",\"isPartOf\":{\"@id\":\"https:\\\/\\\/www.faferi.hu\\\/de\\\/#website\"},\"primaryImageOfPage\":{\"@id\":\"https:\\\/\\\/www.faferi.hu\\\/de\\\/einzelhandel-und-grosshandel\\\/nett-front\\\/#primaryimage\"},\"image\":{\"@id\":\"https:\\\/\\\/www.faferi.hu\\\/de\\\/einzelhandel-und-grosshandel\\\/nett-front\\\/#primaryimage\"},\"thumbnailUrl\":\"https:\\\/\\\/www.faferi.hu\\\/files\\\/nettfrontpic.webp\",\"datePublished\":\"2023-12-06T15:52:42+00:00\",\"dateModified\":\"2024-02-21T14:22:40+00:00\",\"description\":\"Suchen Sie in unserem Sortiment nach den hochwertigen M\u00f6belt\u00fcren, T\u00fcrbl\u00e4ttern, Zubeh\u00f6rteilen und T\u00fcrumrahmungsprofilen des auf die Herstellung von M\u00f6belfronten spezialisierten Unternehmens Nett Front.\",\"breadcrumb\":{\"@id\":\"https:\\\/\\\/www.faferi.hu\\\/de\\\/einzelhandel-und-grosshandel\\\/nett-front\\\/#breadcrumb\"},\"inLanguage\":\"de\",\"potentialAction\":[{\"@type\":\"ReadAction\",\"target\":[\"https:\\\/\\\/www.faferi.hu\\\/de\\\/einzelhandel-und-grosshandel\\\/nett-front\\\/\"]}]},{\"@type\":\"ImageObject\",\"inLanguage\":\"de\",\"@id\":\"https:\\\/\\\/www.faferi.hu\\\/de\\\/einzelhandel-und-grosshandel\\\/nett-front\\\/#primaryimage\",\"url\":\"https:\\\/\\\/www.faferi.hu\\\/files\\\/nettfrontpic.webp\",\"contentUrl\":\"https:\\\/\\\/www.faferi.hu\\\/files\\\/nettfrontpic.webp\",\"width\":1920,\"height\":600},{\"@type\":\"BreadcrumbList\",\"@id\":\"https:\\\/\\\/www.faferi.hu\\\/de\\\/einzelhandel-und-grosshandel\\\/nett-front\\\/#breadcrumb\",\"itemListElement\":[{\"@type\":\"ListItem\",\"position\":1,\"name\":\"Einzelhandel und Gro\u00dfhandel\",\"item\":\"https:\\\/\\\/www.faferi.hu\\\/de\\\/einzelhandel-und-grosshandel\\\/\"},{\"@type\":\"ListItem\",\"position\":2,\"name\":\"Nett-Front\"}]},{\"@type\":\"WebSite\",\"@id\":\"https:\\\/\\\/www.faferi.hu\\\/de\\\/#website\",\"url\":\"https:\\\/\\\/www.faferi.hu\\\/de\\\/\",\"name\":\"Fa-feri Kft.\",\"description\":\"\",\"publisher\":{\"@id\":\"https:\\\/\\\/www.faferi.hu\\\/de\\\/#organization\"},\"potentialAction\":[{\"@type\":\"SearchAction\",\"target\":{\"@type\":\"EntryPoint\",\"urlTemplate\":\"https:\\\/\\\/www.faferi.hu\\\/de\\\/?s={search_term_string}\"},\"query-input\":{\"@type\":\"PropertyValueSpecification\",\"valueRequired\":true,\"valueName\":\"search_term_string\"}}],\"inLanguage\":\"de\"},{\"@type\":\"Organization\",\"@id\":\"https:\\\/\\\/www.faferi.hu\\\/de\\\/#organization\",\"name\":\"Fa-feri Kft.\",\"url\":\"https:\\\/\\\/www.faferi.hu\\\/de\\\/\",\"logo\":{\"@type\":\"ImageObject\",\"inLanguage\":\"de\",\"@id\":\"https:\\\/\\\/www.faferi.hu\\\/de\\\/#\\\/schema\\\/logo\\\/image\\\/\",\"url\":\"https:\\\/\\\/www.faferi.hu\\\/files\\\/fa-feri_logo.png\",\"contentUrl\":\"https:\\\/\\\/www.faferi.hu\\\/files\\\/fa-feri_logo.png\",\"width\":512,\"height\":512,\"caption\":\"Fa-feri Kft.\"},\"image\":{\"@id\":\"https:\\\/\\\/www.faferi.hu\\\/de\\\/#\\\/schema\\\/logo\\\/image\\\/\"},\"sameAs\":[\"https:\\\/\\\/www.facebook.com\\\/faferikft\"]}]}<\/script>\n<!-- \/ Yoast SEO plugin. -->","yoast_head_json":{"title":"Hochwertige Nett-Front M\u00f6belt\u00fcren, T\u00fcrbl\u00e4tter und Zubeh\u00f6r | Fa-Feri Kft.","description":"Suchen Sie in unserem Sortiment nach den hochwertigen M\u00f6belt\u00fcren, T\u00fcrbl\u00e4ttern, Zubeh\u00f6rteilen und T\u00fcrumrahmungsprofilen des auf die Herstellung von M\u00f6belfronten spezialisierten Unternehmens Nett Front.","robots":{"index":"index","follow":"follow","max-snippet":"max-snippet:-1","max-image-preview":"max-image-preview:large","max-video-preview":"max-video-preview:-1"},"canonical":"https:\/\/www.faferi.hu\/de\/einzelhandel-und-grosshandel\/nett-front\/","og_locale":"de_DE","og_type":"article","og_title":"Hochwertige Nett-Front M\u00f6belt\u00fcren, T\u00fcrbl\u00e4tter und Zubeh\u00f6r | Fa-Feri Kft.","og_description":"Suchen Sie in unserem Sortiment nach den hochwertigen M\u00f6belt\u00fcren, T\u00fcrbl\u00e4ttern, Zubeh\u00f6rteilen und T\u00fcrumrahmungsprofilen des auf die Herstellung von M\u00f6belfronten spezialisierten Unternehmens Nett Front.","og_url":"https:\/\/www.faferi.hu\/de\/einzelhandel-und-grosshandel\/nett-front\/","og_site_name":"Fa-feri Kft.","article_publisher":"https:\/\/www.facebook.com\/faferikft","article_modified_time":"2024-02-21T14:22:40+00:00","og_image":[{"width":1920,"height":600,"url":"https:\/\/www.faferi.hu\/files\/nettfrontpic.webp","type":"image\/webp"}],"twitter_card":"summary_large_image","twitter_misc":{"Gesch\u00e4tzte Lesezeit":"1\u00a0Minute"},"schema":{"@context":"https:\/\/schema.org","@graph":[{"@type":"WebPage","@id":"https:\/\/www.faferi.hu\/de\/einzelhandel-und-grosshandel\/nett-front\/","url":"https:\/\/www.faferi.hu\/de\/einzelhandel-und-grosshandel\/nett-front\/","name":"Hochwertige Nett-Front M\u00f6belt\u00fcren, T\u00fcrbl\u00e4tter und Zubeh\u00f6r | Fa-Feri Kft.","isPartOf":{"@id":"https:\/\/www.faferi.hu\/de\/#website"},"primaryImageOfPage":{"@id":"https:\/\/www.faferi.hu\/de\/einzelhandel-und-grosshandel\/nett-front\/#primaryimage"},"image":{"@id":"https:\/\/www.faferi.hu\/de\/einzelhandel-und-grosshandel\/nett-front\/#primaryimage"},"thumbnailUrl":"https:\/\/www.faferi.hu\/files\/nettfrontpic.webp","datePublished":"2023-12-06T15:52:42+00:00","dateModified":"2024-02-21T14:22:40+00:00","description":"Suchen Sie in unserem Sortiment nach den hochwertigen M\u00f6belt\u00fcren, T\u00fcrbl\u00e4ttern, Zubeh\u00f6rteilen und T\u00fcrumrahmungsprofilen des auf die Herstellung von M\u00f6belfronten spezialisierten Unternehmens Nett Front.","breadcrumb":{"@id":"https:\/\/www.faferi.hu\/de\/einzelhandel-und-grosshandel\/nett-front\/#breadcrumb"},"inLanguage":"de","potentialAction":[{"@type":"ReadAction","target":["https:\/\/www.faferi.hu\/de\/einzelhandel-und-grosshandel\/nett-front\/"]}]},{"@type":"ImageObject","inLanguage":"de","@id":"https:\/\/www.faferi.hu\/de\/einzelhandel-und-grosshandel\/nett-front\/#primaryimage","url":"https:\/\/www.faferi.hu\/files\/nettfrontpic.webp","contentUrl":"https:\/\/www.faferi.hu\/files\/nettfrontpic.webp","width":1920,"height":600},{"@type":"BreadcrumbList","@id":"https:\/\/www.faferi.hu\/de\/einzelhandel-und-grosshandel\/nett-front\/#breadcrumb","itemListElement":[{"@type":"ListItem","position":1,"name":"Einzelhandel und Gro\u00dfhandel","item":"https:\/\/www.faferi.hu\/de\/einzelhandel-und-grosshandel\/"},{"@type":"ListItem","position":2,"name":"Nett-Front"}]},{"@type":"WebSite","@id":"https:\/\/www.faferi.hu\/de\/#website","url":"https:\/\/www.faferi.hu\/de\/","name":"Fa-feri Kft.","description":"","publisher":{"@id":"https:\/\/www.faferi.hu\/de\/#organization"},"potentialAction":[{"@type":"SearchAction","target":{"@type":"EntryPoint","urlTemplate":"https:\/\/www.faferi.hu\/de\/?s={search_term_string}"},"query-input":{"@type":"PropertyValueSpecification","valueRequired":true,"valueName":"search_term_string"}}],"inLanguage":"de"},{"@type":"Organization","@id":"https:\/\/www.faferi.hu\/de\/#organization","name":"Fa-feri Kft.","url":"https:\/\/www.faferi.hu\/de\/","logo":{"@type":"ImageObject","inLanguage":"de","@id":"https:\/\/www.faferi.hu\/de\/#\/schema\/logo\/image\/","url":"https:\/\/www.faferi.hu\/files\/fa-feri_logo.png","contentUrl":"https:\/\/www.faferi.hu\/files\/fa-feri_logo.png","width":512,"height":512,"caption":"Fa-feri Kft."},"image":{"@id":"https:\/\/www.faferi.hu\/de\/#\/schema\/logo\/image\/"},"sameAs":["https:\/\/www.facebook.com\/faferikft"]}]}},"_links":{"self":[{"href":"https:\/\/www.faferi.hu\/de\/wp-json\/wp\/v2\/pages\/402","targetHints":{"allow":["GET"]}}],"collection":[{"href":"https:\/\/www.faferi.hu\/de\/wp-json\/wp\/v2\/pages"}],"about":[{"href":"https:\/\/www.faferi.hu\/de\/wp-json\/wp\/v2\/types\/page"}],"author":[{"embeddable":true,"href":"https:\/\/www.faferi.hu\/de\/wp-json\/wp\/v2\/users\/1"}],"replies":[{"embeddable":true,"href":"https:\/\/www.faferi.hu\/de\/wp-json\/wp\/v2\/comments?post=402"}],"version-history":[{"count":0,"href":"https:\/\/www.faferi.hu\/de\/wp-json\/wp\/v2\/pages\/402\/revisions"}],"up":[{"embeddable":true,"href":"https:\/\/www.faferi.hu\/de\/wp-json\/wp\/v2\/pages\/370"}],"wp:featuredmedia":[{"embeddable":true,"href":"https:\/\/www.faferi.hu\/de\/wp-json\/wp\/v2\/media\/276"}],"wp:attachment":[{"href":"https:\/\/www.faferi.hu\/de\/wp-json\/wp\/v2\/media?parent=402"}],"curies":[{"name":"wp","href":"https:\/\/api.w.org\/{rel}","templated":true}]}}