{"id":400,"date":"2023-12-06T16:52:29","date_gmt":"2023-12-06T15:52:29","guid":{"rendered":"https:\/\/www.faferi.hu\/?page_id=400"},"modified":"2024-02-21T15:21:53","modified_gmt":"2024-02-21T14:21:53","slug":"blum","status":"publish","type":"page","link":"https:\/\/www.faferi.hu\/de\/einzelhandel-und-grosshandel\/blum\/","title":{"rendered":"Blum"},"content":{"rendered":"<p>Die BLUM Hung\u00e1ria Kft ist ein \u00f6sterreichischer Hersteller und eines der innovativsten Unternehmen f\u00fcr M\u00f6belbeschl\u00e4ge. Sie legen gro\u00dfen Wert auf Modetrends. Zu ihren Produkten geh\u00f6ren M\u00f6belbeschl\u00e4ge, einschlie\u00dflich Klappen-, Aussto\u00df-, Auszug- und Taschensysteme.<\/p>\n<div class=\"gallery-imgs row\">\n            <div class=\"gallery-item col-sm-6 col-lg-6\">\n                    <a href=\"https:\/\/www.faferi.hu\/files\/blum1.webp\">\n                        <img decoding=\"async\" src=\"https:\/\/www.faferi.hu\/files\/blum1-540x360.webp\" alt=\"\" class=\"img-fluid\">\n\t\t\t\t\t\t\t\t\n                    <\/a>\n            <\/div>\n            <div class=\"gallery-item col-sm-6 col-lg-6\">\n                    <a href=\"https:\/\/www.faferi.hu\/files\/blum2.webp\">\n                        <img decoding=\"async\" src=\"https:\/\/www.faferi.hu\/files\/blum2-540x360.webp\" alt=\"\" class=\"img-fluid\">\n\t\t\t\t\t\t\t\t\n                    <\/a>\n            <\/div><\/div>\n<p>Die von ihnen angebotenen Gebrauchshilfen garantieren, dass jedes M\u00f6belst\u00fcck perfekt in Ihr Zuhause passt.<\/p>\n<p><img loading=\"lazy\" decoding=\"async\" class=\"aligncenter size-full wp-image-160\" src=\"https:\/\/www.faferi.hu\/files\/logo_blum.png\" alt=\"\" width=\"112\" height=\"56\" \/><\/p>\n","protected":false},"excerpt":{"rendered":"<p>Die BLUM Hung\u00e1ria Kft ist ein \u00f6sterreichischer Hersteller und eines der innovativsten Unternehmen f\u00fcr M\u00f6belbeschl\u00e4ge. Sie legen gro\u00dfen Wert auf Modetrends. Zu ihren Produkten geh\u00f6ren M\u00f6belbeschl\u00e4ge, einschlie\u00dflich Klappen-, Aussto\u00df-, Auszug- und Taschensysteme. Die von ihnen angebotenen Gebrauchshilfen garantieren, dass jedes M\u00f6belst\u00fcck perfekt in Ihr Zuhause passt.<\/p>\n","protected":false},"author":1,"featured_media":288,"parent":370,"menu_order":0,"comment_status":"closed","ping_status":"closed","template":"","meta":{"footnotes":""},"class_list":["post-400","page","type-page","status-publish","has-post-thumbnail","hentry"],"yoast_head":"<!-- This site is optimized with the Yoast SEO plugin v26.7 - https:\/\/yoast.com\/wordpress\/plugins\/seo\/ -->\n<title>Gro\u00dfe Auswahl an BLUM M\u00f6belbeschl\u00e4gen in unserem Sortiment | Fa-Feri Kft.<\/title>\n<meta name=\"description\" content=\"Suchen Sie in unserem Tischlerladen nach den BLUM M\u00f6belbeschl\u00e4gen, die garantieren, dass jedes M\u00f6belst\u00fcck perfekt in Ihr Zuhause passt.\" \/>\n<meta name=\"robots\" content=\"index, follow, max-snippet:-1, max-image-preview:large, max-video-preview:-1\" \/>\n<link rel=\"canonical\" href=\"https:\/\/www.faferi.hu\/de\/einzelhandel-und-grosshandel\/blum\/\" \/>\n<meta property=\"og:locale\" content=\"de_DE\" \/>\n<meta property=\"og:type\" content=\"article\" \/>\n<meta property=\"og:title\" content=\"Gro\u00dfe Auswahl an BLUM M\u00f6belbeschl\u00e4gen in unserem Sortiment | Fa-Feri Kft.\" \/>\n<meta property=\"og:description\" content=\"Suchen Sie in unserem Tischlerladen nach den BLUM M\u00f6belbeschl\u00e4gen, die garantieren, dass jedes M\u00f6belst\u00fcck perfekt in Ihr Zuhause passt.\" \/>\n<meta property=\"og:url\" content=\"https:\/\/www.faferi.hu\/de\/einzelhandel-und-grosshandel\/blum\/\" \/>\n<meta property=\"og:site_name\" content=\"Fa-feri Kft.\" \/>\n<meta property=\"article:publisher\" content=\"https:\/\/www.facebook.com\/faferikft\" \/>\n<meta property=\"article:modified_time\" content=\"2024-02-21T14:21:53+00:00\" \/>\n<meta property=\"og:image\" content=\"https:\/\/www.faferi.hu\/files\/blum2.webp\" \/>\n\t<meta property=\"og:image:width\" content=\"1920\" \/>\n\t<meta property=\"og:image:height\" content=\"1280\" \/>\n\t<meta property=\"og:image:type\" content=\"image\/webp\" \/>\n<meta name=\"twitter:card\" content=\"summary_large_image\" \/>\n<meta name=\"twitter:label1\" content=\"Gesch\u00e4tzte Lesezeit\" \/>\n\t<meta name=\"twitter:data1\" content=\"1\u00a0Minute\" \/>\n<script type=\"application\/ld+json\" class=\"yoast-schema-graph\">{\"@context\":\"https:\/\/schema.org\",\"@graph\":[{\"@type\":\"WebPage\",\"@id\":\"https:\/\/www.faferi.hu\/de\/einzelhandel-und-grosshandel\/blum\/\",\"url\":\"https:\/\/www.faferi.hu\/de\/einzelhandel-und-grosshandel\/blum\/\",\"name\":\"Gro\u00dfe Auswahl an BLUM M\u00f6belbeschl\u00e4gen in unserem Sortiment | Fa-Feri Kft.\",\"isPartOf\":{\"@id\":\"https:\/\/www.faferi.hu\/de\/#website\"},\"primaryImageOfPage\":{\"@id\":\"https:\/\/www.faferi.hu\/de\/einzelhandel-und-grosshandel\/blum\/#primaryimage\"},\"image\":{\"@id\":\"https:\/\/www.faferi.hu\/de\/einzelhandel-und-grosshandel\/blum\/#primaryimage\"},\"thumbnailUrl\":\"https:\/\/www.faferi.hu\/files\/blum2.webp\",\"datePublished\":\"2023-12-06T15:52:29+00:00\",\"dateModified\":\"2024-02-21T14:21:53+00:00\",\"description\":\"Suchen Sie in unserem Tischlerladen nach den BLUM M\u00f6belbeschl\u00e4gen, die garantieren, dass jedes M\u00f6belst\u00fcck perfekt in Ihr Zuhause passt.\",\"breadcrumb\":{\"@id\":\"https:\/\/www.faferi.hu\/de\/einzelhandel-und-grosshandel\/blum\/#breadcrumb\"},\"inLanguage\":\"de\",\"potentialAction\":[{\"@type\":\"ReadAction\",\"target\":[\"https:\/\/www.faferi.hu\/de\/einzelhandel-und-grosshandel\/blum\/\"]}]},{\"@type\":\"ImageObject\",\"inLanguage\":\"de\",\"@id\":\"https:\/\/www.faferi.hu\/de\/einzelhandel-und-grosshandel\/blum\/#primaryimage\",\"url\":\"https:\/\/www.faferi.hu\/files\/blum2.webp\",\"contentUrl\":\"https:\/\/www.faferi.hu\/files\/blum2.webp\",\"width\":1920,\"height\":1280},{\"@type\":\"BreadcrumbList\",\"@id\":\"https:\/\/www.faferi.hu\/de\/einzelhandel-und-grosshandel\/blum\/#breadcrumb\",\"itemListElement\":[{\"@type\":\"ListItem\",\"position\":1,\"name\":\"Einzelhandel und Gro\u00dfhandel\",\"item\":\"https:\/\/www.faferi.hu\/de\/einzelhandel-und-grosshandel\/\"},{\"@type\":\"ListItem\",\"position\":2,\"name\":\"Blum\"}]},{\"@type\":\"WebSite\",\"@id\":\"https:\/\/www.faferi.hu\/de\/#website\",\"url\":\"https:\/\/www.faferi.hu\/de\/\",\"name\":\"Fa-feri Kft.\",\"description\":\"\",\"publisher\":{\"@id\":\"https:\/\/www.faferi.hu\/de\/#organization\"},\"potentialAction\":[{\"@type\":\"SearchAction\",\"target\":{\"@type\":\"EntryPoint\",\"urlTemplate\":\"https:\/\/www.faferi.hu\/de\/?s={search_term_string}\"},\"query-input\":{\"@type\":\"PropertyValueSpecification\",\"valueRequired\":true,\"valueName\":\"search_term_string\"}}],\"inLanguage\":\"de\"},{\"@type\":\"Organization\",\"@id\":\"https:\/\/www.faferi.hu\/de\/#organization\",\"name\":\"Fa-feri Kft.\",\"url\":\"https:\/\/www.faferi.hu\/de\/\",\"logo\":{\"@type\":\"ImageObject\",\"inLanguage\":\"de\",\"@id\":\"https:\/\/www.faferi.hu\/de\/#\/schema\/logo\/image\/\",\"url\":\"https:\/\/www.faferi.hu\/files\/fa-feri_logo.png\",\"contentUrl\":\"https:\/\/www.faferi.hu\/files\/fa-feri_logo.png\",\"width\":512,\"height\":512,\"caption\":\"Fa-feri Kft.\"},\"image\":{\"@id\":\"https:\/\/www.faferi.hu\/de\/#\/schema\/logo\/image\/\"},\"sameAs\":[\"https:\/\/www.facebook.com\/faferikft\"]}]}<\/script>\n<!-- \/ Yoast SEO plugin. -->","yoast_head_json":{"title":"Gro\u00dfe Auswahl an BLUM M\u00f6belbeschl\u00e4gen in unserem Sortiment | Fa-Feri Kft.","description":"Suchen Sie in unserem Tischlerladen nach den BLUM M\u00f6belbeschl\u00e4gen, die garantieren, dass jedes M\u00f6belst\u00fcck perfekt in Ihr Zuhause passt.","robots":{"index":"index","follow":"follow","max-snippet":"max-snippet:-1","max-image-preview":"max-image-preview:large","max-video-preview":"max-video-preview:-1"},"canonical":"https:\/\/www.faferi.hu\/de\/einzelhandel-und-grosshandel\/blum\/","og_locale":"de_DE","og_type":"article","og_title":"Gro\u00dfe Auswahl an BLUM M\u00f6belbeschl\u00e4gen in unserem Sortiment | Fa-Feri Kft.","og_description":"Suchen Sie in unserem Tischlerladen nach den BLUM M\u00f6belbeschl\u00e4gen, die garantieren, dass jedes M\u00f6belst\u00fcck perfekt in Ihr Zuhause passt.","og_url":"https:\/\/www.faferi.hu\/de\/einzelhandel-und-grosshandel\/blum\/","og_site_name":"Fa-feri Kft.","article_publisher":"https:\/\/www.facebook.com\/faferikft","article_modified_time":"2024-02-21T14:21:53+00:00","og_image":[{"width":1920,"height":1280,"url":"https:\/\/www.faferi.hu\/files\/blum2.webp","type":"image\/webp"}],"twitter_card":"summary_large_image","twitter_misc":{"Gesch\u00e4tzte Lesezeit":"1\u00a0Minute"},"schema":{"@context":"https:\/\/schema.org","@graph":[{"@type":"WebPage","@id":"https:\/\/www.faferi.hu\/de\/einzelhandel-und-grosshandel\/blum\/","url":"https:\/\/www.faferi.hu\/de\/einzelhandel-und-grosshandel\/blum\/","name":"Gro\u00dfe Auswahl an BLUM M\u00f6belbeschl\u00e4gen in unserem Sortiment | Fa-Feri Kft.","isPartOf":{"@id":"https:\/\/www.faferi.hu\/de\/#website"},"primaryImageOfPage":{"@id":"https:\/\/www.faferi.hu\/de\/einzelhandel-und-grosshandel\/blum\/#primaryimage"},"image":{"@id":"https:\/\/www.faferi.hu\/de\/einzelhandel-und-grosshandel\/blum\/#primaryimage"},"thumbnailUrl":"https:\/\/www.faferi.hu\/files\/blum2.webp","datePublished":"2023-12-06T15:52:29+00:00","dateModified":"2024-02-21T14:21:53+00:00","description":"Suchen Sie in unserem Tischlerladen nach den BLUM M\u00f6belbeschl\u00e4gen, die garantieren, dass jedes M\u00f6belst\u00fcck perfekt in Ihr Zuhause passt.","breadcrumb":{"@id":"https:\/\/www.faferi.hu\/de\/einzelhandel-und-grosshandel\/blum\/#breadcrumb"},"inLanguage":"de","potentialAction":[{"@type":"ReadAction","target":["https:\/\/www.faferi.hu\/de\/einzelhandel-und-grosshandel\/blum\/"]}]},{"@type":"ImageObject","inLanguage":"de","@id":"https:\/\/www.faferi.hu\/de\/einzelhandel-und-grosshandel\/blum\/#primaryimage","url":"https:\/\/www.faferi.hu\/files\/blum2.webp","contentUrl":"https:\/\/www.faferi.hu\/files\/blum2.webp","width":1920,"height":1280},{"@type":"BreadcrumbList","@id":"https:\/\/www.faferi.hu\/de\/einzelhandel-und-grosshandel\/blum\/#breadcrumb","itemListElement":[{"@type":"ListItem","position":1,"name":"Einzelhandel und Gro\u00dfhandel","item":"https:\/\/www.faferi.hu\/de\/einzelhandel-und-grosshandel\/"},{"@type":"ListItem","position":2,"name":"Blum"}]},{"@type":"WebSite","@id":"https:\/\/www.faferi.hu\/de\/#website","url":"https:\/\/www.faferi.hu\/de\/","name":"Fa-feri Kft.","description":"","publisher":{"@id":"https:\/\/www.faferi.hu\/de\/#organization"},"potentialAction":[{"@type":"SearchAction","target":{"@type":"EntryPoint","urlTemplate":"https:\/\/www.faferi.hu\/de\/?s={search_term_string}"},"query-input":{"@type":"PropertyValueSpecification","valueRequired":true,"valueName":"search_term_string"}}],"inLanguage":"de"},{"@type":"Organization","@id":"https:\/\/www.faferi.hu\/de\/#organization","name":"Fa-feri Kft.","url":"https:\/\/www.faferi.hu\/de\/","logo":{"@type":"ImageObject","inLanguage":"de","@id":"https:\/\/www.faferi.hu\/de\/#\/schema\/logo\/image\/","url":"https:\/\/www.faferi.hu\/files\/fa-feri_logo.png","contentUrl":"https:\/\/www.faferi.hu\/files\/fa-feri_logo.png","width":512,"height":512,"caption":"Fa-feri Kft."},"image":{"@id":"https:\/\/www.faferi.hu\/de\/#\/schema\/logo\/image\/"},"sameAs":["https:\/\/www.facebook.com\/faferikft"]}]}},"_links":{"self":[{"href":"https:\/\/www.faferi.hu\/de\/wp-json\/wp\/v2\/pages\/400","targetHints":{"allow":["GET"]}}],"collection":[{"href":"https:\/\/www.faferi.hu\/de\/wp-json\/wp\/v2\/pages"}],"about":[{"href":"https:\/\/www.faferi.hu\/de\/wp-json\/wp\/v2\/types\/page"}],"author":[{"embeddable":true,"href":"https:\/\/www.faferi.hu\/de\/wp-json\/wp\/v2\/users\/1"}],"replies":[{"embeddable":true,"href":"https:\/\/www.faferi.hu\/de\/wp-json\/wp\/v2\/comments?post=400"}],"version-history":[{"count":0,"href":"https:\/\/www.faferi.hu\/de\/wp-json\/wp\/v2\/pages\/400\/revisions"}],"up":[{"embeddable":true,"href":"https:\/\/www.faferi.hu\/de\/wp-json\/wp\/v2\/pages\/370"}],"wp:featuredmedia":[{"embeddable":true,"href":"https:\/\/www.faferi.hu\/de\/wp-json\/wp\/v2\/media\/288"}],"wp:attachment":[{"href":"https:\/\/www.faferi.hu\/de\/wp-json\/wp\/v2\/media?parent=400"}],"curies":[{"name":"wp","href":"https:\/\/api.w.org\/{rel}","templated":true}]}}