{"id":398,"date":"2023-12-06T16:52:01","date_gmt":"2023-12-06T15:52:01","guid":{"rendered":"https:\/\/www.faferi.hu\/?page_id=398"},"modified":"2024-02-21T15:20:33","modified_gmt":"2024-02-21T14:20:33","slug":"arkopa","status":"publish","type":"page","link":"https:\/\/www.faferi.hu\/de\/einzelhandel-und-grosshandel\/arkopa\/","title":{"rendered":"Arkopa"},"content":{"rendered":"<p>Das Ziel von Arkopa in der T\u00fcrkei ist die Herstellung von MDF-basierten Platten f\u00fcr die Dekorations- und M\u00f6belindustrie, um nachhaltige und komfortable Wohnr\u00e4ume zu schaffen.<\/p>\n<div class=\"gallery-imgs row\">\n            <div class=\"gallery-item col-sm-6 col-lg-6\">\n                    <a href=\"https:\/\/www.faferi.hu\/files\/arkopa1.webp\">\n                        <img decoding=\"async\" src=\"https:\/\/www.faferi.hu\/files\/arkopa1-540x360.webp\" alt=\"\" class=\"img-fluid\">\n\t\t\t\t\t\t\t\t\n                    <\/a>\n            <\/div>\n            <div class=\"gallery-item col-sm-6 col-lg-6\">\n                    <a href=\"https:\/\/www.faferi.hu\/files\/arkopa2.webp\">\n                        <img decoding=\"async\" src=\"https:\/\/www.faferi.hu\/files\/arkopa2-540x360.webp\" alt=\"\" class=\"img-fluid\">\n\t\t\t\t\t\t\t\t\n                    <\/a>\n            <\/div><\/div>\n<p>Gl\u00e4nzende und matte PVC-Platten, Acryl-oberfl\u00e4chenbeschichtete Platten, lamellenartige akustische Wandverkleidungen in 5 verschiedenen Farben, Dekorelemente.<\/p>\n<p><strong>In unserem Lager finden Sie:<\/strong><\/p>\n<ul>\n<li>22 verschiedene hochgl\u00e4nzende PVC-Platten<\/li>\n<li>15 verschiedene matte PVC-Platten<\/li>\n<li>lamellenartige akustische Wandverkleidung in 5 verschiedenen Farben<\/li>\n<\/ul>\n<p><img loading=\"lazy\" decoding=\"async\" class=\"aligncenter size-full wp-image-148\" src=\"https:\/\/www.faferi.hu\/files\/arkopa_logo.png\" alt=\"\" width=\"162\" height=\"56\" \/><\/p>\n","protected":false},"excerpt":{"rendered":"<p>Das Ziel von Arkopa in der T\u00fcrkei ist die Herstellung von MDF-basierten Platten f\u00fcr die Dekorations- und M\u00f6belindustrie, um nachhaltige und komfortable Wohnr\u00e4ume zu schaffen. Gl\u00e4nzende und matte PVC-Platten, Acryl-oberfl\u00e4chenbeschichtete Platten, lamellenartige akustische Wandverkleidungen in 5 verschiedenen Farben, Dekorelemente. In unserem Lager finden Sie: 22 verschiedene hochgl\u00e4nzende PVC-Platten 15 verschiedene matte PVC-Platten lamellenartige akustische Wandverkleidung [&hellip;]<\/p>\n","protected":false},"author":1,"featured_media":270,"parent":370,"menu_order":0,"comment_status":"closed","ping_status":"closed","template":"","meta":{"footnotes":""},"class_list":["post-398","page","type-page","status-publish","has-post-thumbnail","hentry"],"yoast_head":"<!-- This site is optimized with the Yoast SEO plugin v26.7 - https:\/\/yoast.com\/wordpress\/plugins\/seo\/ -->\n<title>Arkopa Hochglanz- und Matt-PVC sowie Acryl-Oberfl\u00e4chenplatten | Fa-Feri Kft.<\/title>\n<meta name=\"description\" content=\"Das t\u00fcrkische Unternehmen Arkopa produziert MDF-basierte Platten f\u00fcr die Dekorations- und M\u00f6belindustrie. In unserem Angebot finden Sie PVC-Platten, Acryl-Oberfl\u00e4chenplatten sowie akustische Wandverkleidungen.\" \/>\n<meta name=\"robots\" content=\"index, follow, max-snippet:-1, max-image-preview:large, max-video-preview:-1\" \/>\n<link rel=\"canonical\" href=\"https:\/\/www.faferi.hu\/de\/einzelhandel-und-grosshandel\/arkopa\/\" \/>\n<meta property=\"og:locale\" content=\"de_DE\" \/>\n<meta property=\"og:type\" content=\"article\" \/>\n<meta property=\"og:title\" content=\"Arkopa Hochglanz- und Matt-PVC sowie Acryl-Oberfl\u00e4chenplatten | Fa-Feri Kft.\" \/>\n<meta property=\"og:description\" content=\"Das t\u00fcrkische Unternehmen Arkopa produziert MDF-basierte Platten f\u00fcr die Dekorations- und M\u00f6belindustrie. In unserem Angebot finden Sie PVC-Platten, Acryl-Oberfl\u00e4chenplatten sowie akustische Wandverkleidungen.\" \/>\n<meta property=\"og:url\" content=\"https:\/\/www.faferi.hu\/de\/einzelhandel-und-grosshandel\/arkopa\/\" \/>\n<meta property=\"og:site_name\" content=\"Fa-feri Kft.\" \/>\n<meta property=\"article:publisher\" content=\"https:\/\/www.facebook.com\/faferikft\" \/>\n<meta property=\"article:modified_time\" content=\"2024-02-21T14:20:33+00:00\" \/>\n<meta property=\"og:image\" content=\"https:\/\/www.faferi.hu\/files\/arkopa1.webp\" \/>\n\t<meta property=\"og:image:width\" content=\"1876\" \/>\n\t<meta property=\"og:image:height\" content=\"938\" \/>\n\t<meta property=\"og:image:type\" content=\"image\/webp\" \/>\n<meta name=\"twitter:card\" content=\"summary_large_image\" \/>\n<meta name=\"twitter:label1\" content=\"Gesch\u00e4tzte Lesezeit\" \/>\n\t<meta name=\"twitter:data1\" content=\"1\u00a0Minute\" \/>\n<script type=\"application\/ld+json\" class=\"yoast-schema-graph\">{\"@context\":\"https:\/\/schema.org\",\"@graph\":[{\"@type\":\"WebPage\",\"@id\":\"https:\/\/www.faferi.hu\/de\/einzelhandel-und-grosshandel\/arkopa\/\",\"url\":\"https:\/\/www.faferi.hu\/de\/einzelhandel-und-grosshandel\/arkopa\/\",\"name\":\"Arkopa Hochglanz- und Matt-PVC sowie Acryl-Oberfl\u00e4chenplatten | Fa-Feri Kft.\",\"isPartOf\":{\"@id\":\"https:\/\/www.faferi.hu\/de\/#website\"},\"primaryImageOfPage\":{\"@id\":\"https:\/\/www.faferi.hu\/de\/einzelhandel-und-grosshandel\/arkopa\/#primaryimage\"},\"image\":{\"@id\":\"https:\/\/www.faferi.hu\/de\/einzelhandel-und-grosshandel\/arkopa\/#primaryimage\"},\"thumbnailUrl\":\"https:\/\/www.faferi.hu\/files\/arkopa1.webp\",\"datePublished\":\"2023-12-06T15:52:01+00:00\",\"dateModified\":\"2024-02-21T14:20:33+00:00\",\"description\":\"Das t\u00fcrkische Unternehmen Arkopa produziert MDF-basierte Platten f\u00fcr die Dekorations- und M\u00f6belindustrie. In unserem Angebot finden Sie PVC-Platten, Acryl-Oberfl\u00e4chenplatten sowie akustische Wandverkleidungen.\",\"breadcrumb\":{\"@id\":\"https:\/\/www.faferi.hu\/de\/einzelhandel-und-grosshandel\/arkopa\/#breadcrumb\"},\"inLanguage\":\"de\",\"potentialAction\":[{\"@type\":\"ReadAction\",\"target\":[\"https:\/\/www.faferi.hu\/de\/einzelhandel-und-grosshandel\/arkopa\/\"]}]},{\"@type\":\"ImageObject\",\"inLanguage\":\"de\",\"@id\":\"https:\/\/www.faferi.hu\/de\/einzelhandel-und-grosshandel\/arkopa\/#primaryimage\",\"url\":\"https:\/\/www.faferi.hu\/files\/arkopa1.webp\",\"contentUrl\":\"https:\/\/www.faferi.hu\/files\/arkopa1.webp\",\"width\":1876,\"height\":938},{\"@type\":\"BreadcrumbList\",\"@id\":\"https:\/\/www.faferi.hu\/de\/einzelhandel-und-grosshandel\/arkopa\/#breadcrumb\",\"itemListElement\":[{\"@type\":\"ListItem\",\"position\":1,\"name\":\"Einzelhandel und Gro\u00dfhandel\",\"item\":\"https:\/\/www.faferi.hu\/de\/einzelhandel-und-grosshandel\/\"},{\"@type\":\"ListItem\",\"position\":2,\"name\":\"Arkopa\"}]},{\"@type\":\"WebSite\",\"@id\":\"https:\/\/www.faferi.hu\/de\/#website\",\"url\":\"https:\/\/www.faferi.hu\/de\/\",\"name\":\"Fa-feri Kft.\",\"description\":\"\",\"publisher\":{\"@id\":\"https:\/\/www.faferi.hu\/de\/#organization\"},\"potentialAction\":[{\"@type\":\"SearchAction\",\"target\":{\"@type\":\"EntryPoint\",\"urlTemplate\":\"https:\/\/www.faferi.hu\/de\/?s={search_term_string}\"},\"query-input\":{\"@type\":\"PropertyValueSpecification\",\"valueRequired\":true,\"valueName\":\"search_term_string\"}}],\"inLanguage\":\"de\"},{\"@type\":\"Organization\",\"@id\":\"https:\/\/www.faferi.hu\/de\/#organization\",\"name\":\"Fa-feri Kft.\",\"url\":\"https:\/\/www.faferi.hu\/de\/\",\"logo\":{\"@type\":\"ImageObject\",\"inLanguage\":\"de\",\"@id\":\"https:\/\/www.faferi.hu\/de\/#\/schema\/logo\/image\/\",\"url\":\"https:\/\/www.faferi.hu\/files\/fa-feri_logo.png\",\"contentUrl\":\"https:\/\/www.faferi.hu\/files\/fa-feri_logo.png\",\"width\":512,\"height\":512,\"caption\":\"Fa-feri Kft.\"},\"image\":{\"@id\":\"https:\/\/www.faferi.hu\/de\/#\/schema\/logo\/image\/\"},\"sameAs\":[\"https:\/\/www.facebook.com\/faferikft\"]}]}<\/script>\n<!-- \/ Yoast SEO plugin. -->","yoast_head_json":{"title":"Arkopa Hochglanz- und Matt-PVC sowie Acryl-Oberfl\u00e4chenplatten | Fa-Feri Kft.","description":"Das t\u00fcrkische Unternehmen Arkopa produziert MDF-basierte Platten f\u00fcr die Dekorations- und M\u00f6belindustrie. In unserem Angebot finden Sie PVC-Platten, Acryl-Oberfl\u00e4chenplatten sowie akustische Wandverkleidungen.","robots":{"index":"index","follow":"follow","max-snippet":"max-snippet:-1","max-image-preview":"max-image-preview:large","max-video-preview":"max-video-preview:-1"},"canonical":"https:\/\/www.faferi.hu\/de\/einzelhandel-und-grosshandel\/arkopa\/","og_locale":"de_DE","og_type":"article","og_title":"Arkopa Hochglanz- und Matt-PVC sowie Acryl-Oberfl\u00e4chenplatten | Fa-Feri Kft.","og_description":"Das t\u00fcrkische Unternehmen Arkopa produziert MDF-basierte Platten f\u00fcr die Dekorations- und M\u00f6belindustrie. In unserem Angebot finden Sie PVC-Platten, Acryl-Oberfl\u00e4chenplatten sowie akustische Wandverkleidungen.","og_url":"https:\/\/www.faferi.hu\/de\/einzelhandel-und-grosshandel\/arkopa\/","og_site_name":"Fa-feri Kft.","article_publisher":"https:\/\/www.facebook.com\/faferikft","article_modified_time":"2024-02-21T14:20:33+00:00","og_image":[{"width":1876,"height":938,"url":"https:\/\/www.faferi.hu\/files\/arkopa1.webp","type":"image\/webp"}],"twitter_card":"summary_large_image","twitter_misc":{"Gesch\u00e4tzte Lesezeit":"1\u00a0Minute"},"schema":{"@context":"https:\/\/schema.org","@graph":[{"@type":"WebPage","@id":"https:\/\/www.faferi.hu\/de\/einzelhandel-und-grosshandel\/arkopa\/","url":"https:\/\/www.faferi.hu\/de\/einzelhandel-und-grosshandel\/arkopa\/","name":"Arkopa Hochglanz- und Matt-PVC sowie Acryl-Oberfl\u00e4chenplatten | Fa-Feri Kft.","isPartOf":{"@id":"https:\/\/www.faferi.hu\/de\/#website"},"primaryImageOfPage":{"@id":"https:\/\/www.faferi.hu\/de\/einzelhandel-und-grosshandel\/arkopa\/#primaryimage"},"image":{"@id":"https:\/\/www.faferi.hu\/de\/einzelhandel-und-grosshandel\/arkopa\/#primaryimage"},"thumbnailUrl":"https:\/\/www.faferi.hu\/files\/arkopa1.webp","datePublished":"2023-12-06T15:52:01+00:00","dateModified":"2024-02-21T14:20:33+00:00","description":"Das t\u00fcrkische Unternehmen Arkopa produziert MDF-basierte Platten f\u00fcr die Dekorations- und M\u00f6belindustrie. In unserem Angebot finden Sie PVC-Platten, Acryl-Oberfl\u00e4chenplatten sowie akustische Wandverkleidungen.","breadcrumb":{"@id":"https:\/\/www.faferi.hu\/de\/einzelhandel-und-grosshandel\/arkopa\/#breadcrumb"},"inLanguage":"de","potentialAction":[{"@type":"ReadAction","target":["https:\/\/www.faferi.hu\/de\/einzelhandel-und-grosshandel\/arkopa\/"]}]},{"@type":"ImageObject","inLanguage":"de","@id":"https:\/\/www.faferi.hu\/de\/einzelhandel-und-grosshandel\/arkopa\/#primaryimage","url":"https:\/\/www.faferi.hu\/files\/arkopa1.webp","contentUrl":"https:\/\/www.faferi.hu\/files\/arkopa1.webp","width":1876,"height":938},{"@type":"BreadcrumbList","@id":"https:\/\/www.faferi.hu\/de\/einzelhandel-und-grosshandel\/arkopa\/#breadcrumb","itemListElement":[{"@type":"ListItem","position":1,"name":"Einzelhandel und Gro\u00dfhandel","item":"https:\/\/www.faferi.hu\/de\/einzelhandel-und-grosshandel\/"},{"@type":"ListItem","position":2,"name":"Arkopa"}]},{"@type":"WebSite","@id":"https:\/\/www.faferi.hu\/de\/#website","url":"https:\/\/www.faferi.hu\/de\/","name":"Fa-feri Kft.","description":"","publisher":{"@id":"https:\/\/www.faferi.hu\/de\/#organization"},"potentialAction":[{"@type":"SearchAction","target":{"@type":"EntryPoint","urlTemplate":"https:\/\/www.faferi.hu\/de\/?s={search_term_string}"},"query-input":{"@type":"PropertyValueSpecification","valueRequired":true,"valueName":"search_term_string"}}],"inLanguage":"de"},{"@type":"Organization","@id":"https:\/\/www.faferi.hu\/de\/#organization","name":"Fa-feri Kft.","url":"https:\/\/www.faferi.hu\/de\/","logo":{"@type":"ImageObject","inLanguage":"de","@id":"https:\/\/www.faferi.hu\/de\/#\/schema\/logo\/image\/","url":"https:\/\/www.faferi.hu\/files\/fa-feri_logo.png","contentUrl":"https:\/\/www.faferi.hu\/files\/fa-feri_logo.png","width":512,"height":512,"caption":"Fa-feri Kft."},"image":{"@id":"https:\/\/www.faferi.hu\/de\/#\/schema\/logo\/image\/"},"sameAs":["https:\/\/www.facebook.com\/faferikft"]}]}},"_links":{"self":[{"href":"https:\/\/www.faferi.hu\/de\/wp-json\/wp\/v2\/pages\/398","targetHints":{"allow":["GET"]}}],"collection":[{"href":"https:\/\/www.faferi.hu\/de\/wp-json\/wp\/v2\/pages"}],"about":[{"href":"https:\/\/www.faferi.hu\/de\/wp-json\/wp\/v2\/types\/page"}],"author":[{"embeddable":true,"href":"https:\/\/www.faferi.hu\/de\/wp-json\/wp\/v2\/users\/1"}],"replies":[{"embeddable":true,"href":"https:\/\/www.faferi.hu\/de\/wp-json\/wp\/v2\/comments?post=398"}],"version-history":[{"count":0,"href":"https:\/\/www.faferi.hu\/de\/wp-json\/wp\/v2\/pages\/398\/revisions"}],"up":[{"embeddable":true,"href":"https:\/\/www.faferi.hu\/de\/wp-json\/wp\/v2\/pages\/370"}],"wp:featuredmedia":[{"embeddable":true,"href":"https:\/\/www.faferi.hu\/de\/wp-json\/wp\/v2\/media\/270"}],"wp:attachment":[{"href":"https:\/\/www.faferi.hu\/de\/wp-json\/wp\/v2\/media?parent=398"}],"curies":[{"name":"wp","href":"https:\/\/api.w.org\/{rel}","templated":true}]}}