{"id":370,"date":"2023-10-26T10:29:34","date_gmt":"2023-10-26T08:29:34","guid":{"rendered":"https:\/\/www.faferi.hu\/?page_id=370"},"modified":"2024-02-21T15:17:22","modified_gmt":"2024-02-21T14:17:22","slug":"einzelhandel-und-grosshandel","status":"publish","type":"page","link":"https:\/\/www.faferi.hu\/de\/einzelhandel-und-grosshandel\/","title":{"rendered":"Einzelhandel und Gro\u00dfhandel"},"content":{"rendered":"<h2>Gro\u00dfhandel<\/h2>\n<p>Unser Unternehmen bietet erstklassige Holzprodukte und Dienstleistungen f\u00fcr Kunden an, darunter eine Vielzahl von Kundenkreisen von Holz- und M\u00f6belunternehmen bis hin zu Endverbrauchern. Die Fa-Feri GmbH ist einer der bedeutendsten Gro\u00dfh\u00e4ndler f\u00fcr laminatbeschichtete Platten der Kronospan-Gruppe in Ungarn. In unserem Sortiment finden Sie eine breite Palette von <a href=\"https:\/\/www.faferi.hu\/de\/einzelhandel-und-grosshandel\/falco\/\">FALCO<\/a>-, <a href=\"https:\/\/www.faferi.hu\/de\/einzelhandel-und-grosshandel\/kronospan\/\">Kronospan<\/a>&#8211; und <a href=\"https:\/\/www.faferi.hu\/de\/einzelhandel-und-grosshandel\/kaindl\/\">Kaindl<\/a>-Produkten. Dar\u00fcber hinaus haben wir einen bedeutenden Bestand an gl\u00e4nzenden und matten PVC- und Acrylbeschichtungsplatten der t\u00fcrkischen Firma <a href=\"https:\/\/www.faferi.hu\/de\/einzelhandel-und-grosshandel\/arkopa\/\">Arkopa<\/a>.<\/p>\n<p>Zu unseren Produkten geh\u00f6ren auch: verschiedene Sperrholzplatten, furnierte Spanplatten, plattierte Platten.<\/p>\n<p>In Cegl\u00e9d, unserem anderen Standort, bedienen wir unsere Partner derzeit auf 3000 Quadratmetern Lagerfl\u00e4che mit Produkten der Hersteller FALCO, Kronospan, Kaindl und Arkopa.<\/p>\n<div class=\"gallery-imgs row\">\n            <div class=\"gallery-item col-sm-6 col-lg-4\">\n                    <a href=\"https:\/\/www.faferi.hu\/files\/kisnagykerkep1.webp\">\n                        <img decoding=\"async\" src=\"https:\/\/www.faferi.hu\/files\/kisnagykerkep1-540x360.webp\" alt=\"\" class=\"img-fluid\">\n\t\t\t\t\t\t\t\t\n                    <\/a>\n            <\/div>\n            <div class=\"gallery-item col-sm-6 col-lg-4\">\n                    <a href=\"https:\/\/www.faferi.hu\/files\/kisnagykerkep2.webp\">\n                        <img decoding=\"async\" src=\"https:\/\/www.faferi.hu\/files\/kisnagykerkep2-540x360.webp\" alt=\"\" class=\"img-fluid\">\n\t\t\t\t\t\t\t\t\n                    <\/a>\n            <\/div>\n            <div class=\"gallery-item col-sm-6 col-lg-4\">\n                    <a href=\"https:\/\/www.faferi.hu\/files\/kisnagykerkep3.webp\">\n                        <img decoding=\"async\" src=\"https:\/\/www.faferi.hu\/files\/kisnagykerkep3-540x360.webp\" alt=\"\" class=\"img-fluid\">\n\t\t\t\t\t\t\t\t\n                    <\/a>\n            <\/div><\/div>\n<blockquote>Dank des automatisierten Systems ist das Bewegen und Sortieren von etwa 80 Kilogramm schweren Platten problemlos m\u00f6glich.<\/blockquote>\n<h2>Einzelhandel, Tischlerladen<\/h2>\n<p>Im Gesch\u00e4ft der Fa-Feri GmbH stehen unseren Endkunden die Materialien zur Verf\u00fcgung, die sie f\u00fcr ihre Tischlerprojekte ben\u00f6tigen. Um individuelle Bed\u00fcrfnisse zu erf\u00fcllen, bieten wir unseren Kunden einen umfassenden Service. Wir helfen den K\u00e4ufern gerne dabei, die Materialien und Zubeh\u00f6rteile zu finden, die ihren Vorstellungen am besten entsprechen.<\/p>\n<h2>M\u00f6belzubeh\u00f6r<\/h2>\n<div class=\"gallery-imgs row\">\n            <div class=\"gallery-item col-sm-6 col-lg-4\">\n                    <a href=\"https:\/\/www.faferi.hu\/files\/butorkellek1.webp\">\n                        <img decoding=\"async\" src=\"https:\/\/www.faferi.hu\/files\/butorkellek1-540x360.webp\" alt=\"\" class=\"img-fluid\">\n\t\t\t\t\t\t\t\t\n                    <\/a>\n            <\/div>\n            <div class=\"gallery-item col-sm-6 col-lg-4\">\n                    <a href=\"https:\/\/www.faferi.hu\/files\/butorkellek2.webp\">\n                        <img decoding=\"async\" src=\"https:\/\/www.faferi.hu\/files\/butorkellek2-540x360.webp\" alt=\"\" class=\"img-fluid\">\n\t\t\t\t\t\t\t\t\n                    <\/a>\n            <\/div>\n            <div class=\"gallery-item col-sm-6 col-lg-4\">\n                    <a href=\"https:\/\/www.faferi.hu\/files\/butorkellek3.webp\">\n                        <img decoding=\"async\" src=\"https:\/\/www.faferi.hu\/files\/butorkellek3-540x360.webp\" alt=\"\" class=\"img-fluid\">\n\t\t\t\t\t\t\t\t\n                    <\/a>\n            <\/div><\/div>\n","protected":false},"excerpt":{"rendered":"<p>Gro\u00dfhandel Unser Unternehmen bietet erstklassige Holzprodukte und Dienstleistungen f\u00fcr Kunden an, darunter eine Vielzahl von Kundenkreisen von Holz- und M\u00f6belunternehmen bis hin zu Endverbrauchern. Die Fa-Feri GmbH ist einer der bedeutendsten Gro\u00dfh\u00e4ndler f\u00fcr laminatbeschichtete Platten der Kronospan-Gruppe in Ungarn. In unserem Sortiment finden Sie eine breite Palette von FALCO-, Kronospan&#8211; und Kaindl-Produkten. Dar\u00fcber hinaus haben [&hellip;]<\/p>\n","protected":false},"author":1,"featured_media":184,"parent":0,"menu_order":0,"comment_status":"closed","ping_status":"closed","template":"","meta":{"footnotes":""},"class_list":["post-370","page","type-page","status-publish","has-post-thumbnail","hentry"],"yoast_head":"<!-- This site is optimized with the Yoast SEO plugin v26.7 - https:\/\/yoast.com\/wordpress\/plugins\/seo\/ -->\n<title>M\u00f6belplatten, Holzwaren in gro\u00dfer Auswahl, M\u00f6belzubeh\u00f6r - Fa-Feri Kft.<\/title>\n<meta name=\"description\" content=\"Einzel- und Gro\u00dfhandel: W\u00e4hlen Sie aus unserem hochwertigen Angebot an M\u00f6belplatten, Arbeitsplatten und MDF, auch ma\u00dfgeschneidert! Breites Sortiment an M\u00f6belzubeh\u00f6r\" \/>\n<meta name=\"robots\" content=\"index, follow, max-snippet:-1, max-image-preview:large, max-video-preview:-1\" \/>\n<link rel=\"canonical\" href=\"https:\/\/www.faferi.hu\/de\/einzelhandel-und-grosshandel\/\" \/>\n<meta property=\"og:locale\" content=\"de_DE\" \/>\n<meta property=\"og:type\" content=\"article\" \/>\n<meta property=\"og:title\" content=\"M\u00f6belplatten, Holzwaren in gro\u00dfer Auswahl, M\u00f6belzubeh\u00f6r - Fa-Feri Kft.\" \/>\n<meta property=\"og:description\" content=\"Einzel- und Gro\u00dfhandel: W\u00e4hlen Sie aus unserem hochwertigen Angebot an M\u00f6belplatten, Arbeitsplatten und MDF, auch ma\u00dfgeschneidert! Breites Sortiment an M\u00f6belzubeh\u00f6r\" \/>\n<meta property=\"og:url\" content=\"https:\/\/www.faferi.hu\/de\/einzelhandel-und-grosshandel\/\" \/>\n<meta property=\"og:site_name\" content=\"Fa-feri Kft.\" \/>\n<meta property=\"article:publisher\" content=\"https:\/\/www.facebook.com\/faferikft\" \/>\n<meta property=\"article:modified_time\" content=\"2024-02-21T14:17:22+00:00\" \/>\n<meta property=\"og:image\" content=\"https:\/\/www.faferi.hu\/files\/kisnagykerkep1.webp\" \/>\n\t<meta property=\"og:image:width\" content=\"1920\" \/>\n\t<meta property=\"og:image:height\" content=\"1280\" \/>\n\t<meta property=\"og:image:type\" content=\"image\/webp\" \/>\n<meta name=\"twitter:card\" content=\"summary_large_image\" \/>\n<meta name=\"twitter:label1\" content=\"Gesch\u00e4tzte Lesezeit\" \/>\n\t<meta name=\"twitter:data1\" content=\"2\u00a0Minuten\" \/>\n<script type=\"application\/ld+json\" class=\"yoast-schema-graph\">{\"@context\":\"https:\/\/schema.org\",\"@graph\":[{\"@type\":\"WebPage\",\"@id\":\"https:\/\/www.faferi.hu\/de\/einzelhandel-und-grosshandel\/\",\"url\":\"https:\/\/www.faferi.hu\/de\/einzelhandel-und-grosshandel\/\",\"name\":\"M\u00f6belplatten, Holzwaren in gro\u00dfer Auswahl, M\u00f6belzubeh\u00f6r - Fa-Feri Kft.\",\"isPartOf\":{\"@id\":\"https:\/\/www.faferi.hu\/de\/#website\"},\"primaryImageOfPage\":{\"@id\":\"https:\/\/www.faferi.hu\/de\/einzelhandel-und-grosshandel\/#primaryimage\"},\"image\":{\"@id\":\"https:\/\/www.faferi.hu\/de\/einzelhandel-und-grosshandel\/#primaryimage\"},\"thumbnailUrl\":\"https:\/\/www.faferi.hu\/files\/kisnagykerkep1.webp\",\"datePublished\":\"2023-10-26T08:29:34+00:00\",\"dateModified\":\"2024-02-21T14:17:22+00:00\",\"description\":\"Einzel- und Gro\u00dfhandel: W\u00e4hlen Sie aus unserem hochwertigen Angebot an M\u00f6belplatten, Arbeitsplatten und MDF, auch ma\u00dfgeschneidert! Breites Sortiment an M\u00f6belzubeh\u00f6r\",\"inLanguage\":\"de\",\"potentialAction\":[{\"@type\":\"ReadAction\",\"target\":[\"https:\/\/www.faferi.hu\/de\/einzelhandel-und-grosshandel\/\"]}]},{\"@type\":\"ImageObject\",\"inLanguage\":\"de\",\"@id\":\"https:\/\/www.faferi.hu\/de\/einzelhandel-und-grosshandel\/#primaryimage\",\"url\":\"https:\/\/www.faferi.hu\/files\/kisnagykerkep1.webp\",\"contentUrl\":\"https:\/\/www.faferi.hu\/files\/kisnagykerkep1.webp\",\"width\":1920,\"height\":1280},{\"@type\":\"WebSite\",\"@id\":\"https:\/\/www.faferi.hu\/de\/#website\",\"url\":\"https:\/\/www.faferi.hu\/de\/\",\"name\":\"Fa-feri Kft.\",\"description\":\"\",\"publisher\":{\"@id\":\"https:\/\/www.faferi.hu\/de\/#organization\"},\"potentialAction\":[{\"@type\":\"SearchAction\",\"target\":{\"@type\":\"EntryPoint\",\"urlTemplate\":\"https:\/\/www.faferi.hu\/de\/?s={search_term_string}\"},\"query-input\":{\"@type\":\"PropertyValueSpecification\",\"valueRequired\":true,\"valueName\":\"search_term_string\"}}],\"inLanguage\":\"de\"},{\"@type\":\"Organization\",\"@id\":\"https:\/\/www.faferi.hu\/de\/#organization\",\"name\":\"Fa-feri Kft.\",\"url\":\"https:\/\/www.faferi.hu\/de\/\",\"logo\":{\"@type\":\"ImageObject\",\"inLanguage\":\"de\",\"@id\":\"https:\/\/www.faferi.hu\/de\/#\/schema\/logo\/image\/\",\"url\":\"https:\/\/www.faferi.hu\/files\/fa-feri_logo.png\",\"contentUrl\":\"https:\/\/www.faferi.hu\/files\/fa-feri_logo.png\",\"width\":512,\"height\":512,\"caption\":\"Fa-feri Kft.\"},\"image\":{\"@id\":\"https:\/\/www.faferi.hu\/de\/#\/schema\/logo\/image\/\"},\"sameAs\":[\"https:\/\/www.facebook.com\/faferikft\"]}]}<\/script>\n<!-- \/ Yoast SEO plugin. -->","yoast_head_json":{"title":"M\u00f6belplatten, Holzwaren in gro\u00dfer Auswahl, M\u00f6belzubeh\u00f6r - Fa-Feri Kft.","description":"Einzel- und Gro\u00dfhandel: W\u00e4hlen Sie aus unserem hochwertigen Angebot an M\u00f6belplatten, Arbeitsplatten und MDF, auch ma\u00dfgeschneidert! Breites Sortiment an M\u00f6belzubeh\u00f6r","robots":{"index":"index","follow":"follow","max-snippet":"max-snippet:-1","max-image-preview":"max-image-preview:large","max-video-preview":"max-video-preview:-1"},"canonical":"https:\/\/www.faferi.hu\/de\/einzelhandel-und-grosshandel\/","og_locale":"de_DE","og_type":"article","og_title":"M\u00f6belplatten, Holzwaren in gro\u00dfer Auswahl, M\u00f6belzubeh\u00f6r - Fa-Feri Kft.","og_description":"Einzel- und Gro\u00dfhandel: W\u00e4hlen Sie aus unserem hochwertigen Angebot an M\u00f6belplatten, Arbeitsplatten und MDF, auch ma\u00dfgeschneidert! Breites Sortiment an M\u00f6belzubeh\u00f6r","og_url":"https:\/\/www.faferi.hu\/de\/einzelhandel-und-grosshandel\/","og_site_name":"Fa-feri Kft.","article_publisher":"https:\/\/www.facebook.com\/faferikft","article_modified_time":"2024-02-21T14:17:22+00:00","og_image":[{"width":1920,"height":1280,"url":"https:\/\/www.faferi.hu\/files\/kisnagykerkep1.webp","type":"image\/webp"}],"twitter_card":"summary_large_image","twitter_misc":{"Gesch\u00e4tzte Lesezeit":"2\u00a0Minuten"},"schema":{"@context":"https:\/\/schema.org","@graph":[{"@type":"WebPage","@id":"https:\/\/www.faferi.hu\/de\/einzelhandel-und-grosshandel\/","url":"https:\/\/www.faferi.hu\/de\/einzelhandel-und-grosshandel\/","name":"M\u00f6belplatten, Holzwaren in gro\u00dfer Auswahl, M\u00f6belzubeh\u00f6r - Fa-Feri Kft.","isPartOf":{"@id":"https:\/\/www.faferi.hu\/de\/#website"},"primaryImageOfPage":{"@id":"https:\/\/www.faferi.hu\/de\/einzelhandel-und-grosshandel\/#primaryimage"},"image":{"@id":"https:\/\/www.faferi.hu\/de\/einzelhandel-und-grosshandel\/#primaryimage"},"thumbnailUrl":"https:\/\/www.faferi.hu\/files\/kisnagykerkep1.webp","datePublished":"2023-10-26T08:29:34+00:00","dateModified":"2024-02-21T14:17:22+00:00","description":"Einzel- und Gro\u00dfhandel: W\u00e4hlen Sie aus unserem hochwertigen Angebot an M\u00f6belplatten, Arbeitsplatten und MDF, auch ma\u00dfgeschneidert! Breites Sortiment an M\u00f6belzubeh\u00f6r","inLanguage":"de","potentialAction":[{"@type":"ReadAction","target":["https:\/\/www.faferi.hu\/de\/einzelhandel-und-grosshandel\/"]}]},{"@type":"ImageObject","inLanguage":"de","@id":"https:\/\/www.faferi.hu\/de\/einzelhandel-und-grosshandel\/#primaryimage","url":"https:\/\/www.faferi.hu\/files\/kisnagykerkep1.webp","contentUrl":"https:\/\/www.faferi.hu\/files\/kisnagykerkep1.webp","width":1920,"height":1280},{"@type":"WebSite","@id":"https:\/\/www.faferi.hu\/de\/#website","url":"https:\/\/www.faferi.hu\/de\/","name":"Fa-feri Kft.","description":"","publisher":{"@id":"https:\/\/www.faferi.hu\/de\/#organization"},"potentialAction":[{"@type":"SearchAction","target":{"@type":"EntryPoint","urlTemplate":"https:\/\/www.faferi.hu\/de\/?s={search_term_string}"},"query-input":{"@type":"PropertyValueSpecification","valueRequired":true,"valueName":"search_term_string"}}],"inLanguage":"de"},{"@type":"Organization","@id":"https:\/\/www.faferi.hu\/de\/#organization","name":"Fa-feri Kft.","url":"https:\/\/www.faferi.hu\/de\/","logo":{"@type":"ImageObject","inLanguage":"de","@id":"https:\/\/www.faferi.hu\/de\/#\/schema\/logo\/image\/","url":"https:\/\/www.faferi.hu\/files\/fa-feri_logo.png","contentUrl":"https:\/\/www.faferi.hu\/files\/fa-feri_logo.png","width":512,"height":512,"caption":"Fa-feri Kft."},"image":{"@id":"https:\/\/www.faferi.hu\/de\/#\/schema\/logo\/image\/"},"sameAs":["https:\/\/www.facebook.com\/faferikft"]}]}},"_links":{"self":[{"href":"https:\/\/www.faferi.hu\/de\/wp-json\/wp\/v2\/pages\/370","targetHints":{"allow":["GET"]}}],"collection":[{"href":"https:\/\/www.faferi.hu\/de\/wp-json\/wp\/v2\/pages"}],"about":[{"href":"https:\/\/www.faferi.hu\/de\/wp-json\/wp\/v2\/types\/page"}],"author":[{"embeddable":true,"href":"https:\/\/www.faferi.hu\/de\/wp-json\/wp\/v2\/users\/1"}],"replies":[{"embeddable":true,"href":"https:\/\/www.faferi.hu\/de\/wp-json\/wp\/v2\/comments?post=370"}],"version-history":[{"count":0,"href":"https:\/\/www.faferi.hu\/de\/wp-json\/wp\/v2\/pages\/370\/revisions"}],"wp:featuredmedia":[{"embeddable":true,"href":"https:\/\/www.faferi.hu\/de\/wp-json\/wp\/v2\/media\/184"}],"wp:attachment":[{"href":"https:\/\/www.faferi.hu\/de\/wp-json\/wp\/v2\/media?parent=370"}],"curies":[{"name":"wp","href":"https:\/\/api.w.org\/{rel}","templated":true}]}}