{"id":367,"date":"2023-11-30T13:35:51","date_gmt":"2023-11-30T12:35:51","guid":{"rendered":"https:\/\/www.faferi.hu\/?page_id=367"},"modified":"2024-02-14T13:20:19","modified_gmt":"2024-02-14T12:20:19","slug":"umweltschutz","status":"publish","type":"page","link":"https:\/\/www.faferi.hu\/de\/umweltschutz\/","title":{"rendered":"Umweltschutz"},"content":{"rendered":"<h2>F\u00fcr eine nachhaltige Zukunft!<\/h2>\n<p>Unser Unternehmen, die Fa-Feri Kft., betrachtet den Umweltschutz als wichtig und ist entschlossen, verantwortungsbewusst mit nat\u00fcrlichen Ressourcen umzugehen.<\/p>\n<h2><img loading=\"lazy\" decoding=\"async\" class=\"alignnone wp-image-75 size-large\" src=\"https:\/\/www.faferi.hu\/files\/kornyezetbarat-900x600.webp\" alt=\"\" width=\"900\" height=\"600\" srcset=\"https:\/\/www.faferi.hu\/files\/kornyezetbarat-900x600.webp 900w, https:\/\/www.faferi.hu\/files\/kornyezetbarat-768x512.webp 768w, https:\/\/www.faferi.hu\/files\/kornyezetbarat-1536x1023.webp 1536w, https:\/\/www.faferi.hu\/files\/kornyezetbarat-540x360.webp 540w, https:\/\/www.faferi.hu\/files\/kornyezetbarat.webp 1920w\" sizes=\"auto, (max-width: 900px) 100vw, 900px\" \/><br \/>\nUnsere T\u00e4tigkeit ist eng mit folgenden Bereichen verbunden<\/h2>\n<p>Die Verwaltung von Holzabf\u00e4llen, bei der uns die sorgf\u00e4ltige Behandlung von Holz als Rohstoff und unsere herausragende Rolle im Prozess der Abfalltrennung wichtig sind. Unsere Teilnahme am Kreislauf erfolgt im Sinne der Nachhaltigkeit und erm\u00f6glicht die Wiederverwertung der verwendeten Materialien. Die von FALCO REC Kft. gesammelten Holzreste und recyceltes Holz werden von FALCO Zrt. verwendet, um hochwertige bearbeitete Holzfurnierplatten herzustellen und den Kreislauf zu schlie\u00dfen!<\/p>\n<blockquote>Unsere aktive Teilnahme am selektiven Abfallsammeln verst\u00e4rkt unsere Umweltschutzbem\u00fchungen und tr\u00e4gt zur F\u00f6rderung nachhaltiger Praktiken bei.<\/blockquote>\n<p>Unsere moderne Solaranlage reduziert unseren \u00f6kologischen Fu\u00dfabdruck und liefert unserem Betrieb saubere Energie. Alle unsere Abfallprodukte werden mit eigenen modernen technologischen Einrichtungen sortiert und recycelt, um eine nachhaltige Holznutzung zu gew\u00e4hrleisten.<\/p>\n<p>Die Fa-Feri Kft. tr\u00e4gt dazu bei, dass Holz als knapper Rohstoff besondere Aufmerksamkeit und Wertsch\u00e4tzung erh\u00e4lt und zum Aufbau einer nachhaltigen Zukunft beitr\u00e4gt.<\/p>\n","protected":false},"excerpt":{"rendered":"<p>F\u00fcr eine nachhaltige Zukunft! Unser Unternehmen, die Fa-Feri Kft., betrachtet den Umweltschutz als wichtig und ist entschlossen, verantwortungsbewusst mit nat\u00fcrlichen Ressourcen umzugehen. Unsere T\u00e4tigkeit ist eng mit folgenden Bereichen verbunden Die Verwaltung von Holzabf\u00e4llen, bei der uns die sorgf\u00e4ltige Behandlung von Holz als Rohstoff und unsere herausragende Rolle im Prozess der Abfalltrennung wichtig sind. Unsere [&hellip;]<\/p>\n","protected":false},"author":1,"featured_media":208,"parent":0,"menu_order":0,"comment_status":"closed","ping_status":"closed","template":"","meta":{"footnotes":""},"class_list":["post-367","page","type-page","status-publish","has-post-thumbnail","hentry"],"yoast_head":"<!-- This site is optimized with the Yoast SEO plugin v27.5 - https:\/\/yoast.com\/product\/yoast-seo-wordpress\/ -->\n<title>Umweltschutz - Fa-feri Kft.<\/title>\n<meta name=\"robots\" content=\"index, follow, max-snippet:-1, max-image-preview:large, max-video-preview:-1\" \/>\n<link rel=\"canonical\" href=\"https:\/\/www.faferi.hu\/de\/umweltschutz\/\" \/>\n<meta property=\"og:locale\" content=\"de_DE\" \/>\n<meta property=\"og:type\" content=\"article\" \/>\n<meta property=\"og:title\" content=\"Umweltschutz - Fa-feri Kft.\" \/>\n<meta property=\"og:description\" content=\"F\u00fcr eine nachhaltige Zukunft! Unser Unternehmen, die Fa-Feri Kft., betrachtet den Umweltschutz als wichtig und ist entschlossen, verantwortungsbewusst mit nat\u00fcrlichen Ressourcen umzugehen. Unsere T\u00e4tigkeit ist eng mit folgenden Bereichen verbunden Die Verwaltung von Holzabf\u00e4llen, bei der uns die sorgf\u00e4ltige Behandlung von Holz als Rohstoff und unsere herausragende Rolle im Prozess der Abfalltrennung wichtig sind. Unsere [&hellip;]\" \/>\n<meta property=\"og:url\" content=\"https:\/\/www.faferi.hu\/de\/umweltschutz\/\" \/>\n<meta property=\"og:site_name\" content=\"Fa-feri Kft.\" \/>\n<meta property=\"article:publisher\" content=\"https:\/\/www.facebook.com\/faferikft\" \/>\n<meta property=\"article:modified_time\" content=\"2024-02-14T12:20:19+00:00\" \/>\n<meta property=\"og:image\" content=\"https:\/\/www.faferi.hu\/files\/kornyezetbarat.webp\" \/>\n\t<meta property=\"og:image:width\" content=\"1920\" \/>\n\t<meta property=\"og:image:height\" content=\"1279\" \/>\n\t<meta property=\"og:image:type\" content=\"image\/webp\" \/>\n<meta name=\"twitter:card\" content=\"summary_large_image\" \/>\n<meta name=\"twitter:label1\" content=\"Gesch\u00e4tzte Lesezeit\" \/>\n\t<meta name=\"twitter:data1\" content=\"2\u00a0Minuten\" \/>\n<script type=\"application\/ld+json\" class=\"yoast-schema-graph\">{\"@context\":\"https:\\\/\\\/schema.org\",\"@graph\":[{\"@type\":\"WebPage\",\"@id\":\"https:\\\/\\\/www.faferi.hu\\\/de\\\/umweltschutz\\\/\",\"url\":\"https:\\\/\\\/www.faferi.hu\\\/de\\\/umweltschutz\\\/\",\"name\":\"Umweltschutz - Fa-feri Kft.\",\"isPartOf\":{\"@id\":\"https:\\\/\\\/www.faferi.hu\\\/de\\\/#website\"},\"primaryImageOfPage\":{\"@id\":\"https:\\\/\\\/www.faferi.hu\\\/de\\\/umweltschutz\\\/#primaryimage\"},\"image\":{\"@id\":\"https:\\\/\\\/www.faferi.hu\\\/de\\\/umweltschutz\\\/#primaryimage\"},\"thumbnailUrl\":\"https:\\\/\\\/www.faferi.hu\\\/files\\\/kornyezetbarat.webp\",\"datePublished\":\"2023-11-30T12:35:51+00:00\",\"dateModified\":\"2024-02-14T12:20:19+00:00\",\"inLanguage\":\"de\",\"potentialAction\":[{\"@type\":\"ReadAction\",\"target\":[\"https:\\\/\\\/www.faferi.hu\\\/de\\\/umweltschutz\\\/\"]}]},{\"@type\":\"ImageObject\",\"inLanguage\":\"de\",\"@id\":\"https:\\\/\\\/www.faferi.hu\\\/de\\\/umweltschutz\\\/#primaryimage\",\"url\":\"https:\\\/\\\/www.faferi.hu\\\/files\\\/kornyezetbarat.webp\",\"contentUrl\":\"https:\\\/\\\/www.faferi.hu\\\/files\\\/kornyezetbarat.webp\",\"width\":1920,\"height\":1279},{\"@type\":\"WebSite\",\"@id\":\"https:\\\/\\\/www.faferi.hu\\\/de\\\/#website\",\"url\":\"https:\\\/\\\/www.faferi.hu\\\/de\\\/\",\"name\":\"Fa-feri Kft.\",\"description\":\"\",\"publisher\":{\"@id\":\"https:\\\/\\\/www.faferi.hu\\\/de\\\/#organization\"},\"potentialAction\":[{\"@type\":\"SearchAction\",\"target\":{\"@type\":\"EntryPoint\",\"urlTemplate\":\"https:\\\/\\\/www.faferi.hu\\\/de\\\/?s={search_term_string}\"},\"query-input\":{\"@type\":\"PropertyValueSpecification\",\"valueRequired\":true,\"valueName\":\"search_term_string\"}}],\"inLanguage\":\"de\"},{\"@type\":\"Organization\",\"@id\":\"https:\\\/\\\/www.faferi.hu\\\/de\\\/#organization\",\"name\":\"Fa-feri Kft.\",\"url\":\"https:\\\/\\\/www.faferi.hu\\\/de\\\/\",\"logo\":{\"@type\":\"ImageObject\",\"inLanguage\":\"de\",\"@id\":\"https:\\\/\\\/www.faferi.hu\\\/de\\\/#\\\/schema\\\/logo\\\/image\\\/\",\"url\":\"https:\\\/\\\/www.faferi.hu\\\/files\\\/fa-feri_logo.png\",\"contentUrl\":\"https:\\\/\\\/www.faferi.hu\\\/files\\\/fa-feri_logo.png\",\"width\":512,\"height\":512,\"caption\":\"Fa-feri Kft.\"},\"image\":{\"@id\":\"https:\\\/\\\/www.faferi.hu\\\/de\\\/#\\\/schema\\\/logo\\\/image\\\/\"},\"sameAs\":[\"https:\\\/\\\/www.facebook.com\\\/faferikft\"]}]}<\/script>\n<!-- \/ Yoast SEO plugin. -->","yoast_head_json":{"title":"Umweltschutz - Fa-feri Kft.","robots":{"index":"index","follow":"follow","max-snippet":"max-snippet:-1","max-image-preview":"max-image-preview:large","max-video-preview":"max-video-preview:-1"},"canonical":"https:\/\/www.faferi.hu\/de\/umweltschutz\/","og_locale":"de_DE","og_type":"article","og_title":"Umweltschutz - Fa-feri Kft.","og_description":"F\u00fcr eine nachhaltige Zukunft! Unser Unternehmen, die Fa-Feri Kft., betrachtet den Umweltschutz als wichtig und ist entschlossen, verantwortungsbewusst mit nat\u00fcrlichen Ressourcen umzugehen. Unsere T\u00e4tigkeit ist eng mit folgenden Bereichen verbunden Die Verwaltung von Holzabf\u00e4llen, bei der uns die sorgf\u00e4ltige Behandlung von Holz als Rohstoff und unsere herausragende Rolle im Prozess der Abfalltrennung wichtig sind. Unsere [&hellip;]","og_url":"https:\/\/www.faferi.hu\/de\/umweltschutz\/","og_site_name":"Fa-feri Kft.","article_publisher":"https:\/\/www.facebook.com\/faferikft","article_modified_time":"2024-02-14T12:20:19+00:00","og_image":[{"width":1920,"height":1279,"url":"https:\/\/www.faferi.hu\/files\/kornyezetbarat.webp","type":"image\/webp"}],"twitter_card":"summary_large_image","twitter_misc":{"Gesch\u00e4tzte Lesezeit":"2\u00a0Minuten"},"schema":{"@context":"https:\/\/schema.org","@graph":[{"@type":"WebPage","@id":"https:\/\/www.faferi.hu\/de\/umweltschutz\/","url":"https:\/\/www.faferi.hu\/de\/umweltschutz\/","name":"Umweltschutz - Fa-feri Kft.","isPartOf":{"@id":"https:\/\/www.faferi.hu\/de\/#website"},"primaryImageOfPage":{"@id":"https:\/\/www.faferi.hu\/de\/umweltschutz\/#primaryimage"},"image":{"@id":"https:\/\/www.faferi.hu\/de\/umweltschutz\/#primaryimage"},"thumbnailUrl":"https:\/\/www.faferi.hu\/files\/kornyezetbarat.webp","datePublished":"2023-11-30T12:35:51+00:00","dateModified":"2024-02-14T12:20:19+00:00","inLanguage":"de","potentialAction":[{"@type":"ReadAction","target":["https:\/\/www.faferi.hu\/de\/umweltschutz\/"]}]},{"@type":"ImageObject","inLanguage":"de","@id":"https:\/\/www.faferi.hu\/de\/umweltschutz\/#primaryimage","url":"https:\/\/www.faferi.hu\/files\/kornyezetbarat.webp","contentUrl":"https:\/\/www.faferi.hu\/files\/kornyezetbarat.webp","width":1920,"height":1279},{"@type":"WebSite","@id":"https:\/\/www.faferi.hu\/de\/#website","url":"https:\/\/www.faferi.hu\/de\/","name":"Fa-feri Kft.","description":"","publisher":{"@id":"https:\/\/www.faferi.hu\/de\/#organization"},"potentialAction":[{"@type":"SearchAction","target":{"@type":"EntryPoint","urlTemplate":"https:\/\/www.faferi.hu\/de\/?s={search_term_string}"},"query-input":{"@type":"PropertyValueSpecification","valueRequired":true,"valueName":"search_term_string"}}],"inLanguage":"de"},{"@type":"Organization","@id":"https:\/\/www.faferi.hu\/de\/#organization","name":"Fa-feri Kft.","url":"https:\/\/www.faferi.hu\/de\/","logo":{"@type":"ImageObject","inLanguage":"de","@id":"https:\/\/www.faferi.hu\/de\/#\/schema\/logo\/image\/","url":"https:\/\/www.faferi.hu\/files\/fa-feri_logo.png","contentUrl":"https:\/\/www.faferi.hu\/files\/fa-feri_logo.png","width":512,"height":512,"caption":"Fa-feri Kft."},"image":{"@id":"https:\/\/www.faferi.hu\/de\/#\/schema\/logo\/image\/"},"sameAs":["https:\/\/www.facebook.com\/faferikft"]}]}},"_links":{"self":[{"href":"https:\/\/www.faferi.hu\/de\/wp-json\/wp\/v2\/pages\/367","targetHints":{"allow":["GET"]}}],"collection":[{"href":"https:\/\/www.faferi.hu\/de\/wp-json\/wp\/v2\/pages"}],"about":[{"href":"https:\/\/www.faferi.hu\/de\/wp-json\/wp\/v2\/types\/page"}],"author":[{"embeddable":true,"href":"https:\/\/www.faferi.hu\/de\/wp-json\/wp\/v2\/users\/1"}],"replies":[{"embeddable":true,"href":"https:\/\/www.faferi.hu\/de\/wp-json\/wp\/v2\/comments?post=367"}],"version-history":[{"count":0,"href":"https:\/\/www.faferi.hu\/de\/wp-json\/wp\/v2\/pages\/367\/revisions"}],"wp:featuredmedia":[{"embeddable":true,"href":"https:\/\/www.faferi.hu\/de\/wp-json\/wp\/v2\/media\/208"}],"wp:attachment":[{"href":"https:\/\/www.faferi.hu\/de\/wp-json\/wp\/v2\/media?parent=367"}],"curies":[{"name":"wp","href":"https:\/\/api.w.org\/{rel}","templated":true}]}}